{"id":10740,"date":"2026-02-09T10:12:08","date_gmt":"2026-02-09T10:12:08","guid":{"rendered":"https:\/\/morenia.com.hr\/about-the-company\/"},"modified":"2026-03-20T08:13:39","modified_gmt":"2026-03-20T08:13:39","slug":"o-nama","status":"publish","type":"page","link":"https:\/\/morenia.com.hr\/hr\/o-nama\/","title":{"rendered":"O nama"},"content":{"rendered":"\t\t<div data-elementor-type=\"wp-page\" data-elementor-id=\"10740\" class=\"elementor elementor-10740 elementor-9255\" data-elementor-post-type=\"page\">\n\t\t\t\t<div class=\"elementor-element elementor-element-2242446 e-con-full page_hero e-flex e-con e-parent\" data-id=\"2242446\" data-element_type=\"container\" data-e-type=\"container\" data-settings=\"{&quot;background_background&quot;:&quot;classic&quot;}\">\n\t\t\t\t<div class=\"elementor-element elementor-element-3f4df69 elementor-widget elementor-widget-heading\" data-id=\"3f4df69\" data-element_type=\"widget\" data-e-type=\"widget\" data-widget_type=\"heading.default\">\n\t\t\t\t\t<h1 class=\"elementor-heading-title elementor-size-default\">O nama<\/h1>\t\t\t\t<\/div>\n\t\t\t\t<\/div>\n\t\t<div class=\"elementor-element elementor-element-d5cb3ac e-flex e-con-boxed e-con e-parent\" data-id=\"d5cb3ac\" data-element_type=\"container\" data-e-type=\"container\">\n\t\t\t\t\t<div class=\"e-con-inner\">\n\t\t<div class=\"elementor-element elementor-element-f503913 e-con-full e-flex e-con e-child\" data-id=\"f503913\" data-element_type=\"container\" data-e-type=\"container\">\n\t\t\t\t<div class=\"elementor-element elementor-element-9cb8f83 elementor-widget elementor-widget-text-editor\" data-id=\"9cb8f83\" data-element_type=\"widget\" data-e-type=\"widget\" data-widget_type=\"text-editor.default\">\n\t\t\t\t\t\t\t\t\t<p>Morenia Beach Resort je prvi obiteljski resort na Makarskoj Rivieri. Novoobnovljeni resort je otvoren 2018. sa ponudom all inclusive hotela. 2022. smo pro\u0161irili ponudu sa luksuznim kampom Morenia Park Villas i autokampom Campinia. Park Villas Vam nudi luksuzno kampiranje sa svim udobnostima doma. Tako\u0111er, svaka vila ima svoj privatni bazen ili hidromasa\u017enu kadu te privatnu terasu. Campinia je autokamp potpuno opremljen za Va\u0161 u\u017eitak.<\/p>\n<p>U Morenia Beach Resortu kontinuirano radimo na tome da pru\u017eimo vi\u0161e na\u0161im gostima, unaprijedimo postoje\u0107e kao i predvidimo potrebe i \u017eelje na\u0161ih gostiju. Stalna ulaganja u na\u0161e objekte, zaposlenike i poslovanje je glavni princip na\u0161eg poslovnog upravljanja.<\/p>\n<p>Kao \u0161to na\u0161a krilatica ka\u017ee \u2018A lot of everything\u2019 te\u017eimo tome da pru\u017eimo pregr\u0161t usluga za zadovoljstvo svakog gosta.<\/p>\t\t\t\t\t\t\t\t<\/div>\n\t\t\t\t<\/div>\n\t\t\t\t\t<\/div>\n\t\t\t\t<\/div>\n\t\t\t\t<\/div>\n\t\t","protected":false},"excerpt":{"rendered":"<p>Morenia Beach Resort je prvi obiteljski resort na Makarskoj Rivieri. Novoobnovljeni resort je otvoren 2018. sa ponudom all inclusive hotela. 2022. smo pro\u0161irili ponudu sa luksuznim kampom Morenia Park Villas i autokampom Campinia. Park Villas Vam nudi luksuzno kampiranje sa svim udobnostima doma. Tako\u0111er, svaka vila ima svoj privatni bazen ili hidromasa\u017enu kadu te privatnu [&hellip;]<\/p>\n","protected":false},"author":1,"featured_media":0,"parent":0,"menu_order":0,"comment_status":"closed","ping_status":"closed","template":"elementor_header_footer","meta":{"inline_featured_image":false,"footnotes":""},"class_list":["post-10740","page","type-page","status-publish","hentry"],"yoast_head":"<!-- This site is optimized with the Yoast SEO plugin v27.2 - https:\/\/yoast.com\/product\/yoast-seo-wordpress\/ -->\n<title>O nama - Morenia Beach Resort<\/title>\n<meta name=\"description\" content=\"Morenia Beach Resort je prvi obiteljski resort na Makarskoj Rivieri. Novoobnovljeni resort je otvoren 2018. sa ponudom all inclusive hotela.\" \/>\n<meta name=\"robots\" content=\"index, follow, max-snippet:-1, max-image-preview:large, max-video-preview:-1\" \/>\n<link rel=\"canonical\" href=\"https:\/\/morenia.com.hr\/hr\/o-nama\/\" \/>\n<meta property=\"og:locale\" content=\"hr_HR\" \/>\n<meta property=\"og:type\" content=\"article\" \/>\n<meta property=\"og:title\" content=\"O nama - Morenia Beach Resort\" \/>\n<meta property=\"og:description\" content=\"Morenia Beach Resort je prvi obiteljski resort na Makarskoj Rivieri. Novoobnovljeni resort je otvoren 2018. sa ponudom all inclusive hotela.\" \/>\n<meta property=\"og:url\" content=\"https:\/\/morenia.com.hr\/hr\/o-nama\/\" \/>\n<meta property=\"og:site_name\" content=\"Morenia Beach Resort\" \/>\n<meta property=\"article:publisher\" content=\"https:\/\/www.facebook.com\/moreniaallinclusiveresort\/\" \/>\n<meta property=\"article:modified_time\" content=\"2026-03-20T08:13:39+00:00\" \/>\n<meta name=\"twitter:card\" content=\"summary_large_image\" \/>\n<meta name=\"twitter:site\" content=\"@BeachMorenia\" \/>\n<meta name=\"twitter:label1\" content=\"Procijenjeno vrijeme \u010ditanja\" \/>\n\t<meta name=\"twitter:data1\" content=\"1 minuta\" \/>\n<script type=\"application\/ld+json\" class=\"yoast-schema-graph\">{\"@context\":\"https:\/\/schema.org\",\"@graph\":[{\"@type\":\"WebPage\",\"@id\":\"https:\/\/morenia.com.hr\/hr\/o-nama\/\",\"url\":\"https:\/\/morenia.com.hr\/hr\/o-nama\/\",\"name\":\"O nama - Morenia Beach Resort\",\"isPartOf\":{\"@id\":\"https:\/\/morenia.com.hr\/#website\"},\"datePublished\":\"2026-02-09T10:12:08+00:00\",\"dateModified\":\"2026-03-20T08:13:39+00:00\",\"description\":\"Morenia Beach Resort je prvi obiteljski resort na Makarskoj Rivieri. Novoobnovljeni resort je otvoren 2018. sa ponudom all inclusive hotela.\",\"breadcrumb\":{\"@id\":\"https:\/\/morenia.com.hr\/hr\/o-nama\/#breadcrumb\"},\"inLanguage\":\"hr\",\"potentialAction\":[{\"@type\":\"ReadAction\",\"target\":[\"https:\/\/morenia.com.hr\/hr\/o-nama\/\"]}]},{\"@type\":\"BreadcrumbList\",\"@id\":\"https:\/\/morenia.com.hr\/hr\/o-nama\/#breadcrumb\",\"itemListElement\":[{\"@type\":\"ListItem\",\"position\":1,\"name\":\"Home\",\"item\":\"https:\/\/morenia.com.hr\/hr\/\"},{\"@type\":\"ListItem\",\"position\":2,\"name\":\"O nama\"}]},{\"@type\":\"WebSite\",\"@id\":\"https:\/\/morenia.com.hr\/#website\",\"url\":\"https:\/\/morenia.com.hr\/\",\"name\":\"Morenia Beach Resort\",\"description\":\"A lot of everything\",\"potentialAction\":[{\"@type\":\"SearchAction\",\"target\":{\"@type\":\"EntryPoint\",\"urlTemplate\":\"https:\/\/morenia.com.hr\/?s={search_term_string}\"},\"query-input\":{\"@type\":\"PropertyValueSpecification\",\"valueRequired\":true,\"valueName\":\"search_term_string\"}}],\"inLanguage\":\"hr\"}]}<\/script>\n<!-- \/ Yoast SEO plugin. -->","yoast_head_json":{"title":"O nama - Morenia Beach Resort","description":"Morenia Beach Resort je prvi obiteljski resort na Makarskoj Rivieri. Novoobnovljeni resort je otvoren 2018. sa ponudom all inclusive hotela.","robots":{"index":"index","follow":"follow","max-snippet":"max-snippet:-1","max-image-preview":"max-image-preview:large","max-video-preview":"max-video-preview:-1"},"canonical":"https:\/\/morenia.com.hr\/hr\/o-nama\/","og_locale":"hr_HR","og_type":"article","og_title":"O nama - Morenia Beach Resort","og_description":"Morenia Beach Resort je prvi obiteljski resort na Makarskoj Rivieri. Novoobnovljeni resort je otvoren 2018. sa ponudom all inclusive hotela.","og_url":"https:\/\/morenia.com.hr\/hr\/o-nama\/","og_site_name":"Morenia Beach Resort","article_publisher":"https:\/\/www.facebook.com\/moreniaallinclusiveresort\/","article_modified_time":"2026-03-20T08:13:39+00:00","twitter_card":"summary_large_image","twitter_site":"@BeachMorenia","twitter_misc":{"Procijenjeno vrijeme \u010ditanja":"1 minuta"},"schema":{"@context":"https:\/\/schema.org","@graph":[{"@type":"WebPage","@id":"https:\/\/morenia.com.hr\/hr\/o-nama\/","url":"https:\/\/morenia.com.hr\/hr\/o-nama\/","name":"O nama - Morenia Beach Resort","isPartOf":{"@id":"https:\/\/morenia.com.hr\/#website"},"datePublished":"2026-02-09T10:12:08+00:00","dateModified":"2026-03-20T08:13:39+00:00","description":"Morenia Beach Resort je prvi obiteljski resort na Makarskoj Rivieri. Novoobnovljeni resort je otvoren 2018. sa ponudom all inclusive hotela.","breadcrumb":{"@id":"https:\/\/morenia.com.hr\/hr\/o-nama\/#breadcrumb"},"inLanguage":"hr","potentialAction":[{"@type":"ReadAction","target":["https:\/\/morenia.com.hr\/hr\/o-nama\/"]}]},{"@type":"BreadcrumbList","@id":"https:\/\/morenia.com.hr\/hr\/o-nama\/#breadcrumb","itemListElement":[{"@type":"ListItem","position":1,"name":"Home","item":"https:\/\/morenia.com.hr\/hr\/"},{"@type":"ListItem","position":2,"name":"O nama"}]},{"@type":"WebSite","@id":"https:\/\/morenia.com.hr\/#website","url":"https:\/\/morenia.com.hr\/","name":"Morenia Beach Resort","description":"A lot of everything","potentialAction":[{"@type":"SearchAction","target":{"@type":"EntryPoint","urlTemplate":"https:\/\/morenia.com.hr\/?s={search_term_string}"},"query-input":{"@type":"PropertyValueSpecification","valueRequired":true,"valueName":"search_term_string"}}],"inLanguage":"hr"}]}},"_links":{"self":[{"href":"https:\/\/morenia.com.hr\/hr\/wp-json\/wp\/v2\/pages\/10740","targetHints":{"allow":["GET"]}}],"collection":[{"href":"https:\/\/morenia.com.hr\/hr\/wp-json\/wp\/v2\/pages"}],"about":[{"href":"https:\/\/morenia.com.hr\/hr\/wp-json\/wp\/v2\/types\/page"}],"author":[{"embeddable":true,"href":"https:\/\/morenia.com.hr\/hr\/wp-json\/wp\/v2\/users\/1"}],"replies":[{"embeddable":true,"href":"https:\/\/morenia.com.hr\/hr\/wp-json\/wp\/v2\/comments?post=10740"}],"version-history":[{"count":4,"href":"https:\/\/morenia.com.hr\/hr\/wp-json\/wp\/v2\/pages\/10740\/revisions"}],"predecessor-version":[{"id":10744,"href":"https:\/\/morenia.com.hr\/hr\/wp-json\/wp\/v2\/pages\/10740\/revisions\/10744"}],"wp:attachment":[{"href":"https:\/\/morenia.com.hr\/hr\/wp-json\/wp\/v2\/media?parent=10740"}],"curies":[{"name":"wp","href":"https:\/\/api.w.org\/{rel}","templated":true}]}}