{"id":10779,"date":"2026-02-18T10:49:05","date_gmt":"2026-02-18T10:49:05","guid":{"rendered":"https:\/\/morenia.com.hr\/aqua-park\/"},"modified":"2026-03-20T08:17:31","modified_gmt":"2026-03-20T08:17:31","slug":"aqua-park","status":"publish","type":"page","link":"https:\/\/morenia.com.hr\/hr\/aqua-park\/","title":{"rendered":"Aqua park"},"content":{"rendered":"\t\t<div data-elementor-type=\"wp-page\" data-elementor-id=\"10779\" class=\"elementor elementor-10779 elementor-10181\" data-elementor-post-type=\"page\">\n\t\t\t\t<div class=\"elementor-element elementor-element-5c4ac8b e-con-full page_hero e-flex e-con e-parent\" data-id=\"5c4ac8b\" data-element_type=\"container\" data-e-type=\"container\" data-settings=\"{&quot;background_background&quot;:&quot;classic&quot;}\">\n\t\t\t\t<div class=\"elementor-element elementor-element-9df8a8e elementor-widget elementor-widget-heading\" data-id=\"9df8a8e\" data-element_type=\"widget\" data-e-type=\"widget\" data-widget_type=\"heading.default\">\n\t\t\t\t\t<h1 class=\"elementor-heading-title elementor-size-default\">Aqua park<\/h1>\t\t\t\t<\/div>\n\t\t\t\t<\/div>\n\t\t<div class=\"elementor-element elementor-element-704ee76 e-flex e-con-boxed e-con e-parent\" data-id=\"704ee76\" data-element_type=\"container\" data-e-type=\"container\">\n\t\t\t\t\t<div class=\"e-con-inner\">\n\t\t<div class=\"elementor-element elementor-element-f6dc782 e-con-full e-flex e-con e-child\" data-id=\"f6dc782\" data-element_type=\"container\" data-e-type=\"container\">\n\t\t<div class=\"elementor-element elementor-element-2cd2fcd e-con-full e-flex e-con e-child\" data-id=\"2cd2fcd\" data-element_type=\"container\" data-e-type=\"container\">\n\t\t\t\t<div class=\"elementor-element elementor-element-1f36f1e elementor-pagination-position-inside elementor-arrows-position-inside elementor-widget elementor-widget-image-carousel\" data-id=\"1f36f1e\" data-element_type=\"widget\" data-e-type=\"widget\" data-settings=\"{&quot;slides_to_show&quot;:&quot;1&quot;,&quot;navigation&quot;:&quot;both&quot;,&quot;autoplay&quot;:&quot;yes&quot;,&quot;pause_on_hover&quot;:&quot;yes&quot;,&quot;pause_on_interaction&quot;:&quot;yes&quot;,&quot;autoplay_speed&quot;:5000,&quot;infinite&quot;:&quot;yes&quot;,&quot;effect&quot;:&quot;slide&quot;,&quot;speed&quot;:500}\" data-widget_type=\"image-carousel.default\">\n\t\t\t\t\t\t\t<div class=\"elementor-image-carousel-wrapper swiper\" role=\"region\" aria-roledescription=\"carousel\" aria-label=\"Image Carousel\" dir=\"ltr\">\n\t\t\t<div class=\"elementor-image-carousel swiper-wrapper swiper-image-stretch\" aria-live=\"off\">\n\t\t\t\t\t\t\t\t<div class=\"swiper-slide\" role=\"group\" aria-roledescription=\"slide\" aria-label=\"1 od 2\"><figure class=\"swiper-slide-inner\"><img decoding=\"async\" class=\"swiper-slide-image\" src=\"https:\/\/morenia.com.hr\/wp-content\/uploads\/2026\/02\/Beach.webp\" alt=\"Beach\" \/><\/figure><\/div><div class=\"swiper-slide\" role=\"group\" aria-roledescription=\"slide\" aria-label=\"2 od 2\"><figure class=\"swiper-slide-inner\"><img decoding=\"async\" class=\"swiper-slide-image\" src=\"https:\/\/morenia.com.hr\/wp-content\/uploads\/2026\/02\/KidsPool.webp\" alt=\"KidsPool\" \/><\/figure><\/div>\t\t\t<\/div>\n\t\t\t\t\t\t\t\t\t\t\t\t<div class=\"elementor-swiper-button elementor-swiper-button-prev\" role=\"button\" tabindex=\"0\">\n\t\t\t\t\t\t<svg aria-hidden=\"true\" class=\"e-font-icon-svg e-eicon-chevron-left\" viewBox=\"0 0 1000 1000\" xmlns=\"http:\/\/www.w3.org\/2000\/svg\"><path d=\"M646 125C629 125 613 133 604 142L308 442C296 454 292 471 292 487 292 504 296 521 308 533L604 854C617 867 629 875 646 875 663 875 679 871 692 858 704 846 713 829 713 812 713 796 708 779 692 767L438 487 692 225C700 217 708 204 708 187 708 171 704 154 692 142 675 129 663 125 646 125Z\"><\/path><\/svg>\t\t\t\t\t<\/div>\n\t\t\t\t\t<div class=\"elementor-swiper-button elementor-swiper-button-next\" role=\"button\" tabindex=\"0\">\n\t\t\t\t\t\t<svg aria-hidden=\"true\" class=\"e-font-icon-svg e-eicon-chevron-right\" viewBox=\"0 0 1000 1000\" xmlns=\"http:\/\/www.w3.org\/2000\/svg\"><path d=\"M696 533C708 521 713 504 713 487 713 471 708 454 696 446L400 146C388 133 375 125 354 125 338 125 325 129 313 142 300 154 292 171 292 187 292 204 296 221 308 233L563 492 304 771C292 783 288 800 288 817 288 833 296 850 308 863 321 871 338 875 354 875 371 875 388 867 400 854L696 533Z\"><\/path><\/svg>\t\t\t\t\t<\/div>\n\t\t\t\t\n\t\t\t\t\t\t\t\t\t<div class=\"swiper-pagination\"><\/div>\n\t\t\t\t\t\t\t\t\t<\/div>\n\t\t\t\t\t\t<\/div>\n\t\t\t\t<\/div>\n\t\t<div class=\"elementor-element elementor-element-bd2d4d9 e-con-full e-flex e-con e-child\" data-id=\"bd2d4d9\" data-element_type=\"container\" data-e-type=\"container\">\n\t\t\t\t<div class=\"elementor-element elementor-element-e76b656 elementor-widget elementor-widget-text-editor\" data-id=\"e76b656\" data-element_type=\"widget\" data-e-type=\"widget\" data-widget_type=\"text-editor.default\">\n\t\t\t\t\t\t\t\t\t<div class=\"wpb_text_column wpb_content_element\"><div class=\"wpb_wrapper\"><p>Ispred samog hotela odmah uz pla\u017eu prona\u0107i \u010dete vodeni park namijenjen za zabavu u moru za sve goste hotela.<\/p><\/div><\/div>\t\t\t\t\t\t\t\t<\/div>\n\t\t\t\t<\/div>\n\t\t\t\t<\/div>\n\t\t\t\t\t<\/div>\n\t\t\t\t<\/div>\n\t\t\t\t<\/div>\n\t\t","protected":false},"excerpt":{"rendered":"<p>Ispred samog hotela odmah uz pla\u017eu prona\u0107i \u010dete vodeni park namijenjen za zabavu u moru za sve goste hotela.<\/p>\n","protected":false},"author":1,"featured_media":0,"parent":0,"menu_order":0,"comment_status":"closed","ping_status":"closed","template":"elementor_header_footer","meta":{"inline_featured_image":false,"footnotes":""},"class_list":["post-10779","page","type-page","status-publish","hentry"],"yoast_head":"<!-- This site is optimized with the Yoast SEO plugin v27.2 - https:\/\/yoast.com\/product\/yoast-seo-wordpress\/ -->\n<title>Aqua park - Morenia Beach Resort<\/title>\n<meta name=\"description\" content=\"Ispred samog hotela odmah uz pla\u017eu prona\u0107i \u010dete vodeni park namijenjen za zabavu u moru za sve goste hotela.\" \/>\n<meta name=\"robots\" content=\"index, follow, max-snippet:-1, max-image-preview:large, max-video-preview:-1\" \/>\n<link rel=\"canonical\" href=\"https:\/\/morenia.com.hr\/hr\/aqua-park\/\" \/>\n<meta property=\"og:locale\" content=\"hr_HR\" \/>\n<meta property=\"og:type\" content=\"article\" \/>\n<meta property=\"og:title\" content=\"Aqua park - Morenia Beach Resort\" \/>\n<meta property=\"og:description\" content=\"Ispred samog hotela odmah uz pla\u017eu prona\u0107i \u010dete vodeni park namijenjen za zabavu u moru za sve goste hotela.\" \/>\n<meta property=\"og:url\" content=\"https:\/\/morenia.com.hr\/hr\/aqua-park\/\" \/>\n<meta property=\"og:site_name\" content=\"Morenia Beach Resort\" \/>\n<meta property=\"article:publisher\" content=\"https:\/\/www.facebook.com\/moreniaallinclusiveresort\/\" \/>\n<meta property=\"article:modified_time\" content=\"2026-03-20T08:17:31+00:00\" \/>\n<meta property=\"og:image\" content=\"https:\/\/morenia.com.hr\/wp-content\/uploads\/2026\/02\/Beach.webp\" \/>\n<meta name=\"twitter:card\" content=\"summary_large_image\" \/>\n<meta name=\"twitter:site\" content=\"@BeachMorenia\" \/>\n<meta name=\"twitter:label1\" content=\"Procijenjeno vrijeme \u010ditanja\" \/>\n\t<meta name=\"twitter:data1\" content=\"1 minuta\" \/>\n<script type=\"application\/ld+json\" class=\"yoast-schema-graph\">{\"@context\":\"https:\/\/schema.org\",\"@graph\":[{\"@type\":\"WebPage\",\"@id\":\"https:\/\/morenia.com.hr\/hr\/aqua-park\/\",\"url\":\"https:\/\/morenia.com.hr\/hr\/aqua-park\/\",\"name\":\"Aqua park - Morenia Beach Resort\",\"isPartOf\":{\"@id\":\"https:\/\/morenia.com.hr\/#website\"},\"primaryImageOfPage\":{\"@id\":\"https:\/\/morenia.com.hr\/hr\/aqua-park\/#primaryimage\"},\"image\":{\"@id\":\"https:\/\/morenia.com.hr\/hr\/aqua-park\/#primaryimage\"},\"thumbnailUrl\":\"https:\/\/morenia.com.hr\/wp-content\/uploads\/2026\/02\/Beach.webp\",\"datePublished\":\"2026-02-18T10:49:05+00:00\",\"dateModified\":\"2026-03-20T08:17:31+00:00\",\"description\":\"Ispred samog hotela odmah uz pla\u017eu prona\u0107i \u010dete vodeni park namijenjen za zabavu u moru za sve goste hotela.\",\"breadcrumb\":{\"@id\":\"https:\/\/morenia.com.hr\/hr\/aqua-park\/#breadcrumb\"},\"inLanguage\":\"hr\",\"potentialAction\":[{\"@type\":\"ReadAction\",\"target\":[\"https:\/\/morenia.com.hr\/hr\/aqua-park\/\"]}]},{\"@type\":\"ImageObject\",\"inLanguage\":\"hr\",\"@id\":\"https:\/\/morenia.com.hr\/hr\/aqua-park\/#primaryimage\",\"url\":\"https:\/\/morenia.com.hr\/wp-content\/uploads\/2026\/02\/Beach.webp\",\"contentUrl\":\"https:\/\/morenia.com.hr\/wp-content\/uploads\/2026\/02\/Beach.webp\"},{\"@type\":\"BreadcrumbList\",\"@id\":\"https:\/\/morenia.com.hr\/hr\/aqua-park\/#breadcrumb\",\"itemListElement\":[{\"@type\":\"ListItem\",\"position\":1,\"name\":\"Home\",\"item\":\"https:\/\/morenia.com.hr\/hr\/\"},{\"@type\":\"ListItem\",\"position\":2,\"name\":\"Aqua park\"}]},{\"@type\":\"WebSite\",\"@id\":\"https:\/\/morenia.com.hr\/#website\",\"url\":\"https:\/\/morenia.com.hr\/\",\"name\":\"Morenia Beach Resort\",\"description\":\"A lot of everything\",\"potentialAction\":[{\"@type\":\"SearchAction\",\"target\":{\"@type\":\"EntryPoint\",\"urlTemplate\":\"https:\/\/morenia.com.hr\/?s={search_term_string}\"},\"query-input\":{\"@type\":\"PropertyValueSpecification\",\"valueRequired\":true,\"valueName\":\"search_term_string\"}}],\"inLanguage\":\"hr\"}]}<\/script>\n<!-- \/ Yoast SEO plugin. -->","yoast_head_json":{"title":"Aqua park - Morenia Beach Resort","description":"Ispred samog hotela odmah uz pla\u017eu prona\u0107i \u010dete vodeni park namijenjen za zabavu u moru za sve goste hotela.","robots":{"index":"index","follow":"follow","max-snippet":"max-snippet:-1","max-image-preview":"max-image-preview:large","max-video-preview":"max-video-preview:-1"},"canonical":"https:\/\/morenia.com.hr\/hr\/aqua-park\/","og_locale":"hr_HR","og_type":"article","og_title":"Aqua park - Morenia Beach Resort","og_description":"Ispred samog hotela odmah uz pla\u017eu prona\u0107i \u010dete vodeni park namijenjen za zabavu u moru za sve goste hotela.","og_url":"https:\/\/morenia.com.hr\/hr\/aqua-park\/","og_site_name":"Morenia Beach Resort","article_publisher":"https:\/\/www.facebook.com\/moreniaallinclusiveresort\/","article_modified_time":"2026-03-20T08:17:31+00:00","og_image":[{"url":"https:\/\/morenia.com.hr\/wp-content\/uploads\/2026\/02\/Beach.webp","type":"","width":"","height":""}],"twitter_card":"summary_large_image","twitter_site":"@BeachMorenia","twitter_misc":{"Procijenjeno vrijeme \u010ditanja":"1 minuta"},"schema":{"@context":"https:\/\/schema.org","@graph":[{"@type":"WebPage","@id":"https:\/\/morenia.com.hr\/hr\/aqua-park\/","url":"https:\/\/morenia.com.hr\/hr\/aqua-park\/","name":"Aqua park - Morenia Beach Resort","isPartOf":{"@id":"https:\/\/morenia.com.hr\/#website"},"primaryImageOfPage":{"@id":"https:\/\/morenia.com.hr\/hr\/aqua-park\/#primaryimage"},"image":{"@id":"https:\/\/morenia.com.hr\/hr\/aqua-park\/#primaryimage"},"thumbnailUrl":"https:\/\/morenia.com.hr\/wp-content\/uploads\/2026\/02\/Beach.webp","datePublished":"2026-02-18T10:49:05+00:00","dateModified":"2026-03-20T08:17:31+00:00","description":"Ispred samog hotela odmah uz pla\u017eu prona\u0107i \u010dete vodeni park namijenjen za zabavu u moru za sve goste hotela.","breadcrumb":{"@id":"https:\/\/morenia.com.hr\/hr\/aqua-park\/#breadcrumb"},"inLanguage":"hr","potentialAction":[{"@type":"ReadAction","target":["https:\/\/morenia.com.hr\/hr\/aqua-park\/"]}]},{"@type":"ImageObject","inLanguage":"hr","@id":"https:\/\/morenia.com.hr\/hr\/aqua-park\/#primaryimage","url":"https:\/\/morenia.com.hr\/wp-content\/uploads\/2026\/02\/Beach.webp","contentUrl":"https:\/\/morenia.com.hr\/wp-content\/uploads\/2026\/02\/Beach.webp"},{"@type":"BreadcrumbList","@id":"https:\/\/morenia.com.hr\/hr\/aqua-park\/#breadcrumb","itemListElement":[{"@type":"ListItem","position":1,"name":"Home","item":"https:\/\/morenia.com.hr\/hr\/"},{"@type":"ListItem","position":2,"name":"Aqua park"}]},{"@type":"WebSite","@id":"https:\/\/morenia.com.hr\/#website","url":"https:\/\/morenia.com.hr\/","name":"Morenia Beach Resort","description":"A lot of everything","potentialAction":[{"@type":"SearchAction","target":{"@type":"EntryPoint","urlTemplate":"https:\/\/morenia.com.hr\/?s={search_term_string}"},"query-input":{"@type":"PropertyValueSpecification","valueRequired":true,"valueName":"search_term_string"}}],"inLanguage":"hr"}]}},"_links":{"self":[{"href":"https:\/\/morenia.com.hr\/hr\/wp-json\/wp\/v2\/pages\/10779","targetHints":{"allow":["GET"]}}],"collection":[{"href":"https:\/\/morenia.com.hr\/hr\/wp-json\/wp\/v2\/pages"}],"about":[{"href":"https:\/\/morenia.com.hr\/hr\/wp-json\/wp\/v2\/types\/page"}],"author":[{"embeddable":true,"href":"https:\/\/morenia.com.hr\/hr\/wp-json\/wp\/v2\/users\/1"}],"replies":[{"embeddable":true,"href":"https:\/\/morenia.com.hr\/hr\/wp-json\/wp\/v2\/comments?post=10779"}],"version-history":[{"count":3,"href":"https:\/\/morenia.com.hr\/hr\/wp-json\/wp\/v2\/pages\/10779\/revisions"}],"predecessor-version":[{"id":10783,"href":"https:\/\/morenia.com.hr\/hr\/wp-json\/wp\/v2\/pages\/10779\/revisions\/10783"}],"wp:attachment":[{"href":"https:\/\/morenia.com.hr\/hr\/wp-json\/wp\/v2\/media?parent=10779"}],"curies":[{"name":"wp","href":"https:\/\/api.w.org\/{rel}","templated":true}]}}