{"id":10793,"date":"2025-09-02T05:49:48","date_gmt":"2025-09-02T05:49:48","guid":{"rendered":"https:\/\/morenia.com.hr\/contact\/"},"modified":"2026-03-20T08:22:32","modified_gmt":"2026-03-20T08:22:32","slug":"kontakt","status":"publish","type":"page","link":"https:\/\/morenia.com.hr\/hr\/kontakt\/","title":{"rendered":"Kontakt"},"content":{"rendered":"\t\t<div data-elementor-type=\"wp-page\" data-elementor-id=\"10793\" class=\"elementor elementor-10793 elementor-80\" data-elementor-post-type=\"page\">\n\t\t\t\t<div class=\"elementor-element elementor-element-201724f e-con-full page_hero e-flex e-con e-parent\" data-id=\"201724f\" data-element_type=\"container\" data-e-type=\"container\" data-settings=\"{&quot;background_background&quot;:&quot;classic&quot;}\">\n\t\t\t\t<div class=\"elementor-element elementor-element-bd714f8 elementor-widget elementor-widget-heading\" data-id=\"bd714f8\" data-element_type=\"widget\" data-e-type=\"widget\" data-widget_type=\"heading.default\">\n\t\t\t\t\t<h1 class=\"elementor-heading-title elementor-size-default\">Kontakt<\/h1>\t\t\t\t<\/div>\n\t\t\t\t<\/div>\n\t\t<div class=\"elementor-element elementor-element-b081e89 e-con-full e-flex e-con e-parent\" data-id=\"b081e89\" data-element_type=\"container\" data-e-type=\"container\">\n\t\t<div class=\"elementor-element elementor-element-4e437d2 e-con-full e-flex e-con e-child\" data-id=\"4e437d2\" data-element_type=\"container\" data-e-type=\"container\">\n\t\t<div class=\"elementor-element elementor-element-504dca1 e-con-full e-flex e-con e-child\" data-id=\"504dca1\" data-element_type=\"container\" data-e-type=\"container\">\n\t\t\t\t<div class=\"elementor-element elementor-element-4a3fcbd elementor-widget elementor-widget-image\" data-id=\"4a3fcbd\" data-element_type=\"widget\" data-e-type=\"widget\" data-widget_type=\"image.default\">\n\t\t\t\t\t\t\t\t\t\t\t\t\t\t\t<img fetchpriority=\"high\" decoding=\"async\" width=\"400\" height=\"138\" src=\"https:\/\/morenia.com.hr\/wp-content\/uploads\/2026\/02\/cropped-MBR-11.png\" class=\"attachment-large size-large wp-image-9236\" alt=\"\" srcset=\"https:\/\/morenia.com.hr\/wp-content\/uploads\/2026\/02\/cropped-MBR-11.png 400w, https:\/\/morenia.com.hr\/wp-content\/uploads\/2026\/02\/cropped-MBR-11-300x104.png 300w\" sizes=\"(max-width: 400px) 100vw, 400px\" \/>\t\t\t\t\t\t\t\t\t\t\t\t\t\t\t<\/div>\n\t\t\t\t<div class=\"elementor-element elementor-element-d00b5b8 elementor-widget elementor-widget-heading\" data-id=\"d00b5b8\" data-element_type=\"widget\" data-e-type=\"widget\" data-widget_type=\"heading.default\">\n\t\t\t\t\t<h5 class=\"elementor-heading-title elementor-size-default\"><a href=\"tel:+38521399909\">+385 21 399 909<\/a><\/h5>\t\t\t\t<\/div>\n\t\t\t\t<\/div>\n\t\t<div class=\"elementor-element elementor-element-32970c5 e-con-full e-flex e-con e-child\" data-id=\"32970c5\" data-element_type=\"container\" data-e-type=\"container\">\n\t\t\t\t<div class=\"elementor-element elementor-element-86c2b01 elementor-widget elementor-widget-image\" data-id=\"86c2b01\" data-element_type=\"widget\" data-e-type=\"widget\" data-widget_type=\"image.default\">\n\t\t\t\t\t\t\t\t\t\t\t\t\t\t\t<img decoding=\"async\" width=\"586\" height=\"222\" src=\"https:\/\/morenia.com.hr\/wp-content\/uploads\/2026\/02\/Park-villas.png\" class=\"attachment-large size-large wp-image-10978\" alt=\"\" srcset=\"https:\/\/morenia.com.hr\/wp-content\/uploads\/2026\/02\/Park-villas.png 586w, https:\/\/morenia.com.hr\/wp-content\/uploads\/2026\/02\/Park-villas-300x114.png 300w\" sizes=\"(max-width: 586px) 100vw, 586px\" \/>\t\t\t\t\t\t\t\t\t\t\t\t\t\t\t<\/div>\n\t\t\t\t<div class=\"elementor-element elementor-element-f5a3a12 elementor-widget elementor-widget-image\" data-id=\"f5a3a12\" data-element_type=\"widget\" data-e-type=\"widget\" data-widget_type=\"image.default\">\n\t\t\t\t\t\t\t\t\t\t\t\t\t\t\t<img decoding=\"async\" width=\"545\" height=\"222\" src=\"https:\/\/morenia.com.hr\/wp-content\/uploads\/2026\/02\/Campinia.png\" class=\"attachment-large size-large wp-image-10977\" alt=\"\" srcset=\"https:\/\/morenia.com.hr\/wp-content\/uploads\/2026\/02\/Campinia.png 545w, https:\/\/morenia.com.hr\/wp-content\/uploads\/2026\/02\/Campinia-300x122.png 300w\" sizes=\"(max-width: 545px) 100vw, 545px\" \/>\t\t\t\t\t\t\t\t\t\t\t\t\t\t\t<\/div>\n\t\t\t\t<div class=\"elementor-element elementor-element-2b8087c elementor-widget elementor-widget-heading\" data-id=\"2b8087c\" data-element_type=\"widget\" data-e-type=\"widget\" data-widget_type=\"heading.default\">\n\t\t\t\t\t<h5 class=\"elementor-heading-title elementor-size-default\"><a href=\"tel:+38521399913\">+385 21 399 913<\/a><\/h5>\t\t\t\t<\/div>\n\t\t\t\t<\/div>\n\t\t<div class=\"elementor-element elementor-element-bbddfd3 e-con-full e-flex e-con e-child\" data-id=\"bbddfd3\" data-element_type=\"container\" data-e-type=\"container\">\n\t\t\t\t<div class=\"elementor-element elementor-element-db8a18c elementor-widget elementor-widget-image\" data-id=\"db8a18c\" data-element_type=\"widget\" data-e-type=\"widget\" data-widget_type=\"image.default\">\n\t\t\t\t\t\t\t\t\t\t\t\t\t\t\t<img loading=\"lazy\" decoding=\"async\" width=\"559\" height=\"222\" src=\"https:\/\/morenia.com.hr\/wp-content\/uploads\/2026\/02\/Morenia-hotel.png\" class=\"attachment-large size-large wp-image-10979\" alt=\"\" srcset=\"https:\/\/morenia.com.hr\/wp-content\/uploads\/2026\/02\/Morenia-hotel.png 559w, https:\/\/morenia.com.hr\/wp-content\/uploads\/2026\/02\/Morenia-hotel-300x119.png 300w\" sizes=\"(max-width: 559px) 100vw, 559px\" \/>\t\t\t\t\t\t\t\t\t\t\t\t\t\t\t<\/div>\n\t\t\t\t<div class=\"elementor-element elementor-element-08616ef elementor-widget elementor-widget-heading\" data-id=\"08616ef\" data-element_type=\"widget\" data-e-type=\"widget\" data-widget_type=\"heading.default\">\n\t\t\t\t\t<h5 class=\"elementor-heading-title elementor-size-default\"><a href=\"tel:+38521399919\">+385 21 399 919<\/a><\/h5>\t\t\t\t<\/div>\n\t\t\t\t<\/div>\n\t\t\t\t<\/div>\n\t\t\t\t<\/div>\n\t\t<div class=\"elementor-element elementor-element-6efc536 e-flex e-con-boxed e-con e-parent\" data-id=\"6efc536\" data-element_type=\"container\" data-e-type=\"container\">\n\t\t\t\t\t<div class=\"e-con-inner\">\n\t\t\t\t<div class=\"elementor-element elementor-element-905f106 elementor-widget__width-initial elementor-widget-mobile__width-initial elementor-widget elementor-widget-gofly_contact\" data-id=\"905f106\" data-element_type=\"widget\" data-e-type=\"widget\" data-widget_type=\"gofly_contact.default\">\n\t\t\t\t<div class=\"elementor-widget-container\">\n\t\t\t\t\t        <div class=\"contact-page\">\n\n            \n                            <div class=\"contact-form\">\n                    <div class=\"contact-form-wrap\">\n                        <div class=\"section-title text-center mb-60\">\n                            <h2>Kontaktirajte nas!<\/h2>\n                            <p>Pi\u0161ite nam i javit \u0107emo vam se \u0161to je prije mogu\u0107e.<\/p>\n                        <\/div>\n                        \n<div class=\"wpcf7 no-js\" id=\"wpcf7-f11037-o1\" lang=\"hr\" dir=\"ltr\" data-wpcf7-id=\"11037\">\n<div class=\"screen-reader-response\"><p role=\"status\" aria-live=\"polite\" aria-atomic=\"true\"><\/p> <ul><\/ul><\/div>\n<form action=\"\/hr\/wp-json\/wp\/v2\/pages\/10793#wpcf7-f11037-o1\" method=\"post\" class=\"wpcf7-form init\" aria-label=\"Kontakt obrazac\" novalidate=\"novalidate\" data-status=\"init\">\n<fieldset class=\"hidden-fields-container\"><input type=\"hidden\" name=\"_wpcf7\" value=\"11037\" \/><input type=\"hidden\" name=\"_wpcf7_version\" value=\"6.1.5\" \/><input type=\"hidden\" name=\"_wpcf7_locale\" value=\"hr\" \/><input type=\"hidden\" name=\"_wpcf7_unit_tag\" value=\"wpcf7-f11037-o1\" \/><input type=\"hidden\" name=\"_wpcf7_container_post\" value=\"0\" \/><input type=\"hidden\" name=\"_wpcf7_posted_data_hash\" value=\"\" \/><input type=\"hidden\" name=\"_wpcf7_recaptcha_response\" value=\"\" \/>\n<\/fieldset>\n<div class=\"row g-4 mb-30\">\n    <div class=\"col-md-6\">\n        <div class=\"form-inner\">\n            <label>Va\u0161e ime<\/label>\n            <span class=\"wpcf7-form-control-wrap\" data-name=\"fname\"><input size=\"40\" maxlength=\"400\" class=\"wpcf7-form-control wpcf7-text\" aria-invalid=\"false\" placeholder=\"Unesite va\u0161e ime\" value=\"\" type=\"text\" name=\"fname\" \/><\/span>\n        <\/div>\n    <\/div>\n    <div class=\"col-md-6\">\n        <div class=\"form-inner\">\n            <label>Email adresa<\/label>\n            <span class=\"wpcf7-form-control-wrap\" data-name=\"email-adr\"><input size=\"40\" maxlength=\"400\" class=\"wpcf7-form-control wpcf7-email wpcf7-validates-as-required wpcf7-text wpcf7-validates-as-email\" aria-required=\"true\" aria-invalid=\"false\" placeholder=\"info@example.com\" value=\"\" type=\"email\" name=\"email-adr\" \/><\/span>\n        <\/div>\n    <\/div>\n    <div class=\"col-md-12\">\n        <div class=\"form-inner\">\n            <label>Poruka<\/label>\n            <span class=\"wpcf7-form-control-wrap\" data-name=\"brief\"><textarea cols=\"40\" rows=\"10\" maxlength=\"2000\" class=\"wpcf7-form-control wpcf7-textarea\" aria-invalid=\"false\" placeholder=\"Unesite va\u0161u poruku\" name=\"brief\"><\/textarea><\/span>\n        <\/div>\n    <\/div>\n    <div class=\"col-md-12\">\n        <div class=\"form-inner2\">\nVa\u0161i podaci pohraniti \u0107e se na email serveru i koristit \u0107e se isklju\u010divo u svrhu komunikacije s Vama nastavno na poslani upit, te se ne\u0107e dijeliti s tre\u0107im stranama bez Va\u0161e izri\u010dite privole.\n        <\/div>\n    <\/div>\n<\/div>\n<button type=\"submit\" class=\"primary-btn1 elementor-button elementor-button-link elementor-size-sm\">Po\u0161alji<\/button><div class=\"wpcf7-response-output\" aria-hidden=\"true\"><\/div>\n<\/form>\n<\/div>\n                    <\/div>\n                <\/div>\n            \n        <\/div>\n\n\t\t\t\t<\/div>\n\t\t\t\t<\/div>\n\t\t\t\t\t<\/div>\n\t\t\t\t<\/div>\n\t\t<div class=\"elementor-element elementor-element-3b7e113 e-con-full e-flex e-con e-parent\" data-id=\"3b7e113\" data-element_type=\"container\" data-e-type=\"container\">\n\t\t\t\t<div class=\"elementor-element elementor-element-c073600 elementor-widget elementor-widget-html\" data-id=\"c073600\" data-element_type=\"widget\" data-e-type=\"widget\" data-widget_type=\"html.default\">\n\t\t\t\t\t<div class=\"contact-map-section\">\n       <iframe sandbox=\"allow-scripts allow-same-origin allow-popups\" src=\"https:\/\/www.google.com\/maps\/embed?pb=!1m18!1m12!1m3!1d2911.8115774974954!2d17.284527575628164!3d43.12948428614642!2m3!1f0!2f0!3f0!3m2!1i1024!2i768!4f13.1!3m3!1m2!1s0x134afe20526414eb%3A0x48cbf7d71e74780a!2sMorenia%20Beach%20Resort!5e0!3m2!1sen!2shr!4v1771324741424!5m2!1sen!2shr\" width=\"600\" height=\"450\" style=\"border:0;\" allowfullscreen=\"\" loading=\"lazy\" referrerpolicy=\"no-referrer-when-downgrade\"><\/iframe>\n    <\/div>\t\t\t\t<\/div>\n\t\t\t\t<\/div>\n\t\t\t\t<\/div>\n\t\t","protected":false},"excerpt":{"rendered":"<p>+385 21 399 909 +385 21 399 913 +385 21 399 919 Kontaktirajte nas! Pi\u0161ite nam i javit \u0107emo vam se \u0161to je prije mogu\u0107e. Your name Email address Message Your data will be stored on the email server and will be used exclusively for the purpose of communicating with you on the submitted request [&hellip;]<\/p>\n","protected":false},"author":1,"featured_media":0,"parent":0,"menu_order":0,"comment_status":"closed","ping_status":"closed","template":"elementor_header_footer","meta":{"inline_featured_image":false,"footnotes":""},"class_list":["post-10793","page","type-page","status-publish","hentry"],"yoast_head":"<!-- This site is optimized with the Yoast SEO plugin v27.2 - https:\/\/yoast.com\/product\/yoast-seo-wordpress\/ -->\n<title>Kontakt - Morenia Beach Resort<\/title>\n<meta name=\"description\" content=\"Morenia Beach Resort kontakti. Pi\u0161ite nam i javit \u0107emo vam se u najkra\u0107em mogu\u0107em roku.\" \/>\n<meta name=\"robots\" content=\"index, follow, max-snippet:-1, max-image-preview:large, max-video-preview:-1\" \/>\n<link rel=\"canonical\" href=\"https:\/\/morenia.com.hr\/hr\/kontakt\/\" \/>\n<meta property=\"og:locale\" content=\"hr_HR\" \/>\n<meta property=\"og:type\" content=\"article\" \/>\n<meta property=\"og:title\" content=\"Kontakt - Morenia Beach Resort\" \/>\n<meta property=\"og:description\" content=\"Morenia Beach Resort kontakti. Pi\u0161ite nam i javit \u0107emo vam se u najkra\u0107em mogu\u0107em roku.\" \/>\n<meta property=\"og:url\" content=\"https:\/\/morenia.com.hr\/hr\/kontakt\/\" \/>\n<meta property=\"og:site_name\" content=\"Morenia Beach Resort\" \/>\n<meta property=\"article:publisher\" content=\"https:\/\/www.facebook.com\/moreniaallinclusiveresort\/\" \/>\n<meta property=\"article:modified_time\" content=\"2026-03-20T08:22:32+00:00\" \/>\n<meta property=\"og:image\" content=\"https:\/\/morenia.com.hr\/wp-content\/uploads\/2026\/02\/cropped-MBR-11.png\" \/>\n<meta name=\"twitter:card\" content=\"summary_large_image\" \/>\n<meta name=\"twitter:site\" content=\"@BeachMorenia\" \/>\n<meta name=\"twitter:label1\" content=\"Procijenjeno vrijeme \u010ditanja\" \/>\n\t<meta name=\"twitter:data1\" content=\"2 minute\" \/>\n<script type=\"application\/ld+json\" class=\"yoast-schema-graph\">{\"@context\":\"https:\/\/schema.org\",\"@graph\":[{\"@type\":\"WebPage\",\"@id\":\"https:\/\/morenia.com.hr\/hr\/kontakt\/\",\"url\":\"https:\/\/morenia.com.hr\/hr\/kontakt\/\",\"name\":\"Kontakt - Morenia Beach Resort\",\"isPartOf\":{\"@id\":\"https:\/\/morenia.com.hr\/#website\"},\"primaryImageOfPage\":{\"@id\":\"https:\/\/morenia.com.hr\/hr\/kontakt\/#primaryimage\"},\"image\":{\"@id\":\"https:\/\/morenia.com.hr\/hr\/kontakt\/#primaryimage\"},\"thumbnailUrl\":\"https:\/\/morenia.com.hr\/wp-content\/uploads\/2026\/02\/cropped-MBR-11.png\",\"datePublished\":\"2025-09-02T05:49:48+00:00\",\"dateModified\":\"2026-03-20T08:22:32+00:00\",\"description\":\"Morenia Beach Resort kontakti. Pi\u0161ite nam i javit \u0107emo vam se u najkra\u0107em mogu\u0107em roku.\",\"breadcrumb\":{\"@id\":\"https:\/\/morenia.com.hr\/hr\/kontakt\/#breadcrumb\"},\"inLanguage\":\"hr\",\"potentialAction\":[{\"@type\":\"ReadAction\",\"target\":[\"https:\/\/morenia.com.hr\/hr\/kontakt\/\"]}]},{\"@type\":\"ImageObject\",\"inLanguage\":\"hr\",\"@id\":\"https:\/\/morenia.com.hr\/hr\/kontakt\/#primaryimage\",\"url\":\"https:\/\/morenia.com.hr\/wp-content\/uploads\/2026\/02\/cropped-MBR-11.png\",\"contentUrl\":\"https:\/\/morenia.com.hr\/wp-content\/uploads\/2026\/02\/cropped-MBR-11.png\"},{\"@type\":\"BreadcrumbList\",\"@id\":\"https:\/\/morenia.com.hr\/hr\/kontakt\/#breadcrumb\",\"itemListElement\":[{\"@type\":\"ListItem\",\"position\":1,\"name\":\"Home\",\"item\":\"https:\/\/morenia.com.hr\/hr\/\"},{\"@type\":\"ListItem\",\"position\":2,\"name\":\"Kontakt\"}]},{\"@type\":\"WebSite\",\"@id\":\"https:\/\/morenia.com.hr\/#website\",\"url\":\"https:\/\/morenia.com.hr\/\",\"name\":\"Morenia Beach Resort\",\"description\":\"A lot of everything\",\"potentialAction\":[{\"@type\":\"SearchAction\",\"target\":{\"@type\":\"EntryPoint\",\"urlTemplate\":\"https:\/\/morenia.com.hr\/?s={search_term_string}\"},\"query-input\":{\"@type\":\"PropertyValueSpecification\",\"valueRequired\":true,\"valueName\":\"search_term_string\"}}],\"inLanguage\":\"hr\"}]}<\/script>\n<!-- \/ Yoast SEO plugin. -->","yoast_head_json":{"title":"Kontakt - Morenia Beach Resort","description":"Morenia Beach Resort kontakti. Pi\u0161ite nam i javit \u0107emo vam se u najkra\u0107em mogu\u0107em roku.","robots":{"index":"index","follow":"follow","max-snippet":"max-snippet:-1","max-image-preview":"max-image-preview:large","max-video-preview":"max-video-preview:-1"},"canonical":"https:\/\/morenia.com.hr\/hr\/kontakt\/","og_locale":"hr_HR","og_type":"article","og_title":"Kontakt - Morenia Beach Resort","og_description":"Morenia Beach Resort kontakti. Pi\u0161ite nam i javit \u0107emo vam se u najkra\u0107em mogu\u0107em roku.","og_url":"https:\/\/morenia.com.hr\/hr\/kontakt\/","og_site_name":"Morenia Beach Resort","article_publisher":"https:\/\/www.facebook.com\/moreniaallinclusiveresort\/","article_modified_time":"2026-03-20T08:22:32+00:00","og_image":[{"url":"https:\/\/morenia.com.hr\/wp-content\/uploads\/2026\/02\/cropped-MBR-11.png","type":"","width":"","height":""}],"twitter_card":"summary_large_image","twitter_site":"@BeachMorenia","twitter_misc":{"Procijenjeno vrijeme \u010ditanja":"2 minute"},"schema":{"@context":"https:\/\/schema.org","@graph":[{"@type":"WebPage","@id":"https:\/\/morenia.com.hr\/hr\/kontakt\/","url":"https:\/\/morenia.com.hr\/hr\/kontakt\/","name":"Kontakt - Morenia Beach Resort","isPartOf":{"@id":"https:\/\/morenia.com.hr\/#website"},"primaryImageOfPage":{"@id":"https:\/\/morenia.com.hr\/hr\/kontakt\/#primaryimage"},"image":{"@id":"https:\/\/morenia.com.hr\/hr\/kontakt\/#primaryimage"},"thumbnailUrl":"https:\/\/morenia.com.hr\/wp-content\/uploads\/2026\/02\/cropped-MBR-11.png","datePublished":"2025-09-02T05:49:48+00:00","dateModified":"2026-03-20T08:22:32+00:00","description":"Morenia Beach Resort kontakti. Pi\u0161ite nam i javit \u0107emo vam se u najkra\u0107em mogu\u0107em roku.","breadcrumb":{"@id":"https:\/\/morenia.com.hr\/hr\/kontakt\/#breadcrumb"},"inLanguage":"hr","potentialAction":[{"@type":"ReadAction","target":["https:\/\/morenia.com.hr\/hr\/kontakt\/"]}]},{"@type":"ImageObject","inLanguage":"hr","@id":"https:\/\/morenia.com.hr\/hr\/kontakt\/#primaryimage","url":"https:\/\/morenia.com.hr\/wp-content\/uploads\/2026\/02\/cropped-MBR-11.png","contentUrl":"https:\/\/morenia.com.hr\/wp-content\/uploads\/2026\/02\/cropped-MBR-11.png"},{"@type":"BreadcrumbList","@id":"https:\/\/morenia.com.hr\/hr\/kontakt\/#breadcrumb","itemListElement":[{"@type":"ListItem","position":1,"name":"Home","item":"https:\/\/morenia.com.hr\/hr\/"},{"@type":"ListItem","position":2,"name":"Kontakt"}]},{"@type":"WebSite","@id":"https:\/\/morenia.com.hr\/#website","url":"https:\/\/morenia.com.hr\/","name":"Morenia Beach Resort","description":"A lot of everything","potentialAction":[{"@type":"SearchAction","target":{"@type":"EntryPoint","urlTemplate":"https:\/\/morenia.com.hr\/?s={search_term_string}"},"query-input":{"@type":"PropertyValueSpecification","valueRequired":true,"valueName":"search_term_string"}}],"inLanguage":"hr"}]}},"_links":{"self":[{"href":"https:\/\/morenia.com.hr\/hr\/wp-json\/wp\/v2\/pages\/10793","targetHints":{"allow":["GET"]}}],"collection":[{"href":"https:\/\/morenia.com.hr\/hr\/wp-json\/wp\/v2\/pages"}],"about":[{"href":"https:\/\/morenia.com.hr\/hr\/wp-json\/wp\/v2\/types\/page"}],"author":[{"embeddable":true,"href":"https:\/\/morenia.com.hr\/hr\/wp-json\/wp\/v2\/users\/1"}],"replies":[{"embeddable":true,"href":"https:\/\/morenia.com.hr\/hr\/wp-json\/wp\/v2\/comments?post=10793"}],"version-history":[{"count":4,"href":"https:\/\/morenia.com.hr\/hr\/wp-json\/wp\/v2\/pages\/10793\/revisions"}],"predecessor-version":[{"id":10838,"href":"https:\/\/morenia.com.hr\/hr\/wp-json\/wp\/v2\/pages\/10793\/revisions\/10838"}],"wp:attachment":[{"href":"https:\/\/morenia.com.hr\/hr\/wp-json\/wp\/v2\/media?parent=10793"}],"curies":[{"name":"wp","href":"https:\/\/api.w.org\/{rel}","templated":true}]}}