{"id":10868,"date":"2026-02-18T11:24:23","date_gmt":"2026-02-18T11:24:23","guid":{"rendered":"https:\/\/morenia.com.hr\/events\/"},"modified":"2026-03-20T08:23:45","modified_gmt":"2026-03-20T08:23:45","slug":"events","status":"publish","type":"page","link":"https:\/\/morenia.com.hr\/hr\/events\/","title":{"rendered":"Events"},"content":{"rendered":"\t\t<div data-elementor-type=\"wp-page\" data-elementor-id=\"10868\" class=\"elementor elementor-10868 elementor-10238\" data-elementor-post-type=\"page\">\n\t\t\t\t<div class=\"elementor-element elementor-element-5c4ac8b e-con-full page_hero e-flex e-con e-parent\" data-id=\"5c4ac8b\" data-element_type=\"container\" data-e-type=\"container\" data-settings=\"{&quot;background_background&quot;:&quot;classic&quot;}\">\n\t\t\t\t<div class=\"elementor-element elementor-element-9df8a8e elementor-widget elementor-widget-heading\" data-id=\"9df8a8e\" data-element_type=\"widget\" data-e-type=\"widget\" data-widget_type=\"heading.default\">\n\t\t\t\t\t<h1 class=\"elementor-heading-title elementor-size-default\">Events<\/h1>\t\t\t\t<\/div>\n\t\t\t\t<\/div>\n\t\t<div class=\"elementor-element elementor-element-704ee76 e-flex e-con-boxed e-con e-parent\" data-id=\"704ee76\" data-element_type=\"container\" data-e-type=\"container\">\n\t\t\t\t\t<div class=\"e-con-inner\">\n\t\t<div class=\"elementor-element elementor-element-f6dc782 e-con-full e-flex e-con e-child\" data-id=\"f6dc782\" data-element_type=\"container\" data-e-type=\"container\">\n\t\t<div class=\"elementor-element elementor-element-2cd2fcd e-con-full e-flex e-con e-child\" data-id=\"2cd2fcd\" data-element_type=\"container\" data-e-type=\"container\">\n\t\t\t\t<div class=\"elementor-element elementor-element-1f36f1e elementor-pagination-position-inside elementor-arrows-position-inside elementor-widget elementor-widget-image-carousel\" data-id=\"1f36f1e\" data-element_type=\"widget\" data-e-type=\"widget\" data-settings=\"{&quot;slides_to_show&quot;:&quot;1&quot;,&quot;navigation&quot;:&quot;both&quot;,&quot;autoplay&quot;:&quot;yes&quot;,&quot;pause_on_hover&quot;:&quot;yes&quot;,&quot;pause_on_interaction&quot;:&quot;yes&quot;,&quot;autoplay_speed&quot;:5000,&quot;infinite&quot;:&quot;yes&quot;,&quot;effect&quot;:&quot;slide&quot;,&quot;speed&quot;:500}\" data-widget_type=\"image-carousel.default\">\n\t\t\t\t\t\t\t<div class=\"elementor-image-carousel-wrapper swiper\" role=\"region\" aria-roledescription=\"carousel\" aria-label=\"Image Carousel\" dir=\"ltr\">\n\t\t\t<div class=\"elementor-image-carousel swiper-wrapper swiper-image-stretch\" aria-live=\"off\">\n\t\t\t\t\t\t\t\t<div class=\"swiper-slide\" role=\"group\" aria-roledescription=\"slide\" aria-label=\"1 od 1\"><figure class=\"swiper-slide-inner\"><img decoding=\"async\" class=\"swiper-slide-image\" src=\"https:\/\/morenia.com.hr\/wp-content\/uploads\/2026\/02\/DSC01079-min-scaled-1.webp\" alt=\"DSC01079-min-scaled\" \/><\/figure><\/div>\t\t\t<\/div>\n\t\t\t\t\t<\/div>\n\t\t\t\t\t\t<\/div>\n\t\t\t\t<\/div>\n\t\t<div class=\"elementor-element elementor-element-bd2d4d9 e-con-full e-flex e-con e-child\" data-id=\"bd2d4d9\" data-element_type=\"container\" data-e-type=\"container\">\n\t\t\t\t<div class=\"elementor-element elementor-element-e76b656 elementor-widget elementor-widget-text-editor\" data-id=\"e76b656\" data-element_type=\"widget\" data-e-type=\"widget\" data-widget_type=\"text-editor.default\">\n\t\t\t\t\t\t\t\t\t<div class=\"wpb_text_column wpb_content_element\"><div class=\"wpb_wrapper\"><p>Neovisno trebate li unajmiti prostor za Va\u0161 event ili \u017eelite na\u0161e usluge u organiziranju eventa, Morenia Beach Resort sa svojom F&amp;B zgradom i njenim popratnim sadr\u017eajima je idealno mjesto za sve Va\u0161e potrebe. Kontaktirajte nas za sve upite i uslugu ra\u0111enu po mjeri za Va\u0161 event.<\/p><\/div><\/div>\t\t\t\t\t\t\t\t<\/div>\n\t\t\t\t<div class=\"elementor-element elementor-element-7896412 elementor-align-left elementor-widget elementor-widget-button\" data-id=\"7896412\" data-element_type=\"widget\" data-e-type=\"widget\" data-widget_type=\"button.default\">\n\t\t\t\t\t\t\t\t\t\t<a class=\"elementor-button elementor-button-link elementor-size-sm\" href=\"\/hr\/kontakt\/\">\n\t\t\t\t\t\t<span class=\"elementor-button-content-wrapper\">\n\t\t\t\t\t\t\t\t\t<span class=\"elementor-button-text\">Kontaktirajte nas<\/span>\n\t\t\t\t\t<\/span>\n\t\t\t\t\t<\/a>\n\t\t\t\t\t\t\t\t<\/div>\n\t\t\t\t<\/div>\n\t\t\t\t<\/div>\n\t\t\t\t\t<\/div>\n\t\t\t\t<\/div>\n\t\t\t\t<\/div>\n\t\t","protected":false},"excerpt":{"rendered":"<p>Neovisno trebate li unajmiti prostor za Va\u0161 event ili \u017eelite na\u0161e usluge u organiziranju eventa, Morenia Beach Resort sa svojom F&amp;B zgradom i njenim popratnim sadr\u017eajima je idealno mjesto za sve Va\u0161e potrebe. Kontaktirajte nas za sve upite i uslugu ra\u0111enu po mjeri za Va\u0161 event. Kontaktirajte nas<\/p>\n","protected":false},"author":1,"featured_media":0,"parent":0,"menu_order":0,"comment_status":"closed","ping_status":"closed","template":"elementor_header_footer","meta":{"inline_featured_image":false,"footnotes":""},"class_list":["post-10868","page","type-page","status-publish","hentry"],"yoast_head":"<!-- This site is optimized with the Yoast SEO plugin v27.2 - https:\/\/yoast.com\/product\/yoast-seo-wordpress\/ -->\n<title>Events - Morenia Beach Resort<\/title>\n<meta name=\"description\" content=\"Neovisno trebate li unajmiti prostor za Va\u0161 event ili \u017eelite na\u0161e usluge u organiziranju eventa, Morenia Beach Resort sa svojom F&amp;B zgradom i njenim...\" \/>\n<meta name=\"robots\" content=\"index, follow, max-snippet:-1, max-image-preview:large, max-video-preview:-1\" \/>\n<link rel=\"canonical\" href=\"https:\/\/morenia.com.hr\/hr\/events\/\" \/>\n<meta property=\"og:locale\" content=\"hr_HR\" \/>\n<meta property=\"og:type\" content=\"article\" \/>\n<meta property=\"og:title\" content=\"Events - Morenia Beach Resort\" \/>\n<meta property=\"og:description\" content=\"Neovisno trebate li unajmiti prostor za Va\u0161 event ili \u017eelite na\u0161e usluge u organiziranju eventa, Morenia Beach Resort sa svojom F&amp;B zgradom i njenim...\" \/>\n<meta property=\"og:url\" content=\"https:\/\/morenia.com.hr\/hr\/events\/\" \/>\n<meta property=\"og:site_name\" content=\"Morenia Beach Resort\" \/>\n<meta property=\"article:publisher\" content=\"https:\/\/www.facebook.com\/moreniaallinclusiveresort\/\" \/>\n<meta property=\"article:modified_time\" content=\"2026-03-20T08:23:45+00:00\" \/>\n<meta property=\"og:image\" content=\"https:\/\/morenia.com.hr\/wp-content\/uploads\/2026\/02\/DSC01079-min-scaled-1.webp\" \/>\n<meta name=\"twitter:card\" content=\"summary_large_image\" \/>\n<meta name=\"twitter:site\" content=\"@BeachMorenia\" \/>\n<meta name=\"twitter:label1\" content=\"Procijenjeno vrijeme \u010ditanja\" \/>\n\t<meta name=\"twitter:data1\" content=\"1 minuta\" \/>\n<script type=\"application\/ld+json\" class=\"yoast-schema-graph\">{\"@context\":\"https:\/\/schema.org\",\"@graph\":[{\"@type\":\"WebPage\",\"@id\":\"https:\/\/morenia.com.hr\/hr\/events\/\",\"url\":\"https:\/\/morenia.com.hr\/hr\/events\/\",\"name\":\"Events - Morenia Beach Resort\",\"isPartOf\":{\"@id\":\"https:\/\/morenia.com.hr\/#website\"},\"primaryImageOfPage\":{\"@id\":\"https:\/\/morenia.com.hr\/hr\/events\/#primaryimage\"},\"image\":{\"@id\":\"https:\/\/morenia.com.hr\/hr\/events\/#primaryimage\"},\"thumbnailUrl\":\"https:\/\/morenia.com.hr\/wp-content\/uploads\/2026\/02\/DSC01079-min-scaled-1.webp\",\"datePublished\":\"2026-02-18T11:24:23+00:00\",\"dateModified\":\"2026-03-20T08:23:45+00:00\",\"description\":\"Neovisno trebate li unajmiti prostor za Va\u0161 event ili \u017eelite na\u0161e usluge u organiziranju eventa, Morenia Beach Resort sa svojom F&B zgradom i njenim...\",\"breadcrumb\":{\"@id\":\"https:\/\/morenia.com.hr\/hr\/events\/#breadcrumb\"},\"inLanguage\":\"hr\",\"potentialAction\":[{\"@type\":\"ReadAction\",\"target\":[\"https:\/\/morenia.com.hr\/hr\/events\/\"]}]},{\"@type\":\"ImageObject\",\"inLanguage\":\"hr\",\"@id\":\"https:\/\/morenia.com.hr\/hr\/events\/#primaryimage\",\"url\":\"https:\/\/morenia.com.hr\/wp-content\/uploads\/2026\/02\/DSC01079-min-scaled-1.webp\",\"contentUrl\":\"https:\/\/morenia.com.hr\/wp-content\/uploads\/2026\/02\/DSC01079-min-scaled-1.webp\"},{\"@type\":\"BreadcrumbList\",\"@id\":\"https:\/\/morenia.com.hr\/hr\/events\/#breadcrumb\",\"itemListElement\":[{\"@type\":\"ListItem\",\"position\":1,\"name\":\"Home\",\"item\":\"https:\/\/morenia.com.hr\/hr\/\"},{\"@type\":\"ListItem\",\"position\":2,\"name\":\"Events\"}]},{\"@type\":\"WebSite\",\"@id\":\"https:\/\/morenia.com.hr\/#website\",\"url\":\"https:\/\/morenia.com.hr\/\",\"name\":\"Morenia Beach Resort\",\"description\":\"A lot of everything\",\"potentialAction\":[{\"@type\":\"SearchAction\",\"target\":{\"@type\":\"EntryPoint\",\"urlTemplate\":\"https:\/\/morenia.com.hr\/?s={search_term_string}\"},\"query-input\":{\"@type\":\"PropertyValueSpecification\",\"valueRequired\":true,\"valueName\":\"search_term_string\"}}],\"inLanguage\":\"hr\"}]}<\/script>\n<!-- \/ Yoast SEO plugin. -->","yoast_head_json":{"title":"Events - Morenia Beach Resort","description":"Neovisno trebate li unajmiti prostor za Va\u0161 event ili \u017eelite na\u0161e usluge u organiziranju eventa, Morenia Beach Resort sa svojom F&B zgradom i njenim...","robots":{"index":"index","follow":"follow","max-snippet":"max-snippet:-1","max-image-preview":"max-image-preview:large","max-video-preview":"max-video-preview:-1"},"canonical":"https:\/\/morenia.com.hr\/hr\/events\/","og_locale":"hr_HR","og_type":"article","og_title":"Events - Morenia Beach Resort","og_description":"Neovisno trebate li unajmiti prostor za Va\u0161 event ili \u017eelite na\u0161e usluge u organiziranju eventa, Morenia Beach Resort sa svojom F&B zgradom i njenim...","og_url":"https:\/\/morenia.com.hr\/hr\/events\/","og_site_name":"Morenia Beach Resort","article_publisher":"https:\/\/www.facebook.com\/moreniaallinclusiveresort\/","article_modified_time":"2026-03-20T08:23:45+00:00","og_image":[{"url":"https:\/\/morenia.com.hr\/wp-content\/uploads\/2026\/02\/DSC01079-min-scaled-1.webp","type":"","width":"","height":""}],"twitter_card":"summary_large_image","twitter_site":"@BeachMorenia","twitter_misc":{"Procijenjeno vrijeme \u010ditanja":"1 minuta"},"schema":{"@context":"https:\/\/schema.org","@graph":[{"@type":"WebPage","@id":"https:\/\/morenia.com.hr\/hr\/events\/","url":"https:\/\/morenia.com.hr\/hr\/events\/","name":"Events - Morenia Beach Resort","isPartOf":{"@id":"https:\/\/morenia.com.hr\/#website"},"primaryImageOfPage":{"@id":"https:\/\/morenia.com.hr\/hr\/events\/#primaryimage"},"image":{"@id":"https:\/\/morenia.com.hr\/hr\/events\/#primaryimage"},"thumbnailUrl":"https:\/\/morenia.com.hr\/wp-content\/uploads\/2026\/02\/DSC01079-min-scaled-1.webp","datePublished":"2026-02-18T11:24:23+00:00","dateModified":"2026-03-20T08:23:45+00:00","description":"Neovisno trebate li unajmiti prostor za Va\u0161 event ili \u017eelite na\u0161e usluge u organiziranju eventa, Morenia Beach Resort sa svojom F&B zgradom i njenim...","breadcrumb":{"@id":"https:\/\/morenia.com.hr\/hr\/events\/#breadcrumb"},"inLanguage":"hr","potentialAction":[{"@type":"ReadAction","target":["https:\/\/morenia.com.hr\/hr\/events\/"]}]},{"@type":"ImageObject","inLanguage":"hr","@id":"https:\/\/morenia.com.hr\/hr\/events\/#primaryimage","url":"https:\/\/morenia.com.hr\/wp-content\/uploads\/2026\/02\/DSC01079-min-scaled-1.webp","contentUrl":"https:\/\/morenia.com.hr\/wp-content\/uploads\/2026\/02\/DSC01079-min-scaled-1.webp"},{"@type":"BreadcrumbList","@id":"https:\/\/morenia.com.hr\/hr\/events\/#breadcrumb","itemListElement":[{"@type":"ListItem","position":1,"name":"Home","item":"https:\/\/morenia.com.hr\/hr\/"},{"@type":"ListItem","position":2,"name":"Events"}]},{"@type":"WebSite","@id":"https:\/\/morenia.com.hr\/#website","url":"https:\/\/morenia.com.hr\/","name":"Morenia Beach Resort","description":"A lot of everything","potentialAction":[{"@type":"SearchAction","target":{"@type":"EntryPoint","urlTemplate":"https:\/\/morenia.com.hr\/?s={search_term_string}"},"query-input":{"@type":"PropertyValueSpecification","valueRequired":true,"valueName":"search_term_string"}}],"inLanguage":"hr"}]}},"_links":{"self":[{"href":"https:\/\/morenia.com.hr\/hr\/wp-json\/wp\/v2\/pages\/10868","targetHints":{"allow":["GET"]}}],"collection":[{"href":"https:\/\/morenia.com.hr\/hr\/wp-json\/wp\/v2\/pages"}],"about":[{"href":"https:\/\/morenia.com.hr\/hr\/wp-json\/wp\/v2\/types\/page"}],"author":[{"embeddable":true,"href":"https:\/\/morenia.com.hr\/hr\/wp-json\/wp\/v2\/users\/1"}],"replies":[{"embeddable":true,"href":"https:\/\/morenia.com.hr\/hr\/wp-json\/wp\/v2\/comments?post=10868"}],"version-history":[{"count":5,"href":"https:\/\/morenia.com.hr\/hr\/wp-json\/wp\/v2\/pages\/10868\/revisions"}],"predecessor-version":[{"id":11236,"href":"https:\/\/morenia.com.hr\/hr\/wp-json\/wp\/v2\/pages\/10868\/revisions\/11236"}],"wp:attachment":[{"href":"https:\/\/morenia.com.hr\/hr\/wp-json\/wp\/v2\/media?parent=10868"}],"curies":[{"name":"wp","href":"https:\/\/api.w.org\/{rel}","templated":true}]}}