{"id":10877,"date":"2026-02-18T10:37:36","date_gmt":"2026-02-18T10:37:36","guid":{"rendered":"https:\/\/morenia.com.hr\/fun-zone\/"},"modified":"2026-03-20T08:25:34","modified_gmt":"2026-03-20T08:25:34","slug":"fun-zone","status":"publish","type":"page","link":"https:\/\/morenia.com.hr\/hr\/fun-zone\/","title":{"rendered":"Fun zone"},"content":{"rendered":"\t\t<div data-elementor-type=\"wp-page\" data-elementor-id=\"10877\" class=\"elementor elementor-10877 elementor-10148\" data-elementor-post-type=\"page\">\n\t\t\t\t<div class=\"elementor-element elementor-element-5c4ac8b e-con-full page_hero e-flex e-con e-parent\" data-id=\"5c4ac8b\" data-element_type=\"container\" data-e-type=\"container\" data-settings=\"{&quot;background_background&quot;:&quot;classic&quot;}\">\n\t\t\t\t<div class=\"elementor-element elementor-element-9df8a8e elementor-widget elementor-widget-heading\" data-id=\"9df8a8e\" data-element_type=\"widget\" data-e-type=\"widget\" data-widget_type=\"heading.default\">\n\t\t\t\t\t<h1 class=\"elementor-heading-title elementor-size-default\">Fun zone<\/h1>\t\t\t\t<\/div>\n\t\t\t\t<\/div>\n\t\t<div class=\"elementor-element elementor-element-704ee76 e-flex e-con-boxed e-con e-parent\" data-id=\"704ee76\" data-element_type=\"container\" data-e-type=\"container\">\n\t\t\t\t\t<div class=\"e-con-inner\">\n\t\t<div class=\"elementor-element elementor-element-f6dc782 e-con-full e-flex e-con e-child\" data-id=\"f6dc782\" data-element_type=\"container\" data-e-type=\"container\">\n\t\t<div class=\"elementor-element elementor-element-2cd2fcd e-con-full e-flex e-con e-child\" data-id=\"2cd2fcd\" data-element_type=\"container\" data-e-type=\"container\">\n\t\t\t\t<div class=\"elementor-element elementor-element-1f36f1e elementor-pagination-position-inside elementor-arrows-position-inside elementor-widget elementor-widget-image-carousel\" data-id=\"1f36f1e\" data-element_type=\"widget\" data-e-type=\"widget\" data-settings=\"{&quot;slides_to_show&quot;:&quot;1&quot;,&quot;navigation&quot;:&quot;both&quot;,&quot;autoplay&quot;:&quot;yes&quot;,&quot;pause_on_hover&quot;:&quot;yes&quot;,&quot;pause_on_interaction&quot;:&quot;yes&quot;,&quot;autoplay_speed&quot;:5000,&quot;infinite&quot;:&quot;yes&quot;,&quot;effect&quot;:&quot;slide&quot;,&quot;speed&quot;:500}\" data-widget_type=\"image-carousel.default\">\n\t\t\t\t\t\t\t<div class=\"elementor-image-carousel-wrapper swiper\" role=\"region\" aria-roledescription=\"carousel\" aria-label=\"Image Carousel\" dir=\"ltr\">\n\t\t\t<div class=\"elementor-image-carousel swiper-wrapper swiper-image-stretch\" aria-live=\"off\">\n\t\t\t\t\t\t\t\t<div class=\"swiper-slide\" role=\"group\" aria-roledescription=\"slide\" aria-label=\"1 od 18\"><figure class=\"swiper-slide-inner\"><img decoding=\"async\" class=\"swiper-slide-image\" src=\"https:\/\/morenia.com.hr\/wp-content\/uploads\/2026\/02\/2.webp\" alt=\"2\" \/><\/figure><\/div><div class=\"swiper-slide\" role=\"group\" aria-roledescription=\"slide\" aria-label=\"2 od 18\"><figure class=\"swiper-slide-inner\"><img decoding=\"async\" class=\"swiper-slide-image\" src=\"https:\/\/morenia.com.hr\/wp-content\/uploads\/2026\/02\/5.webp\" alt=\"5\" \/><\/figure><\/div><div class=\"swiper-slide\" role=\"group\" aria-roledescription=\"slide\" aria-label=\"3 od 18\"><figure class=\"swiper-slide-inner\"><img decoding=\"async\" class=\"swiper-slide-image\" src=\"https:\/\/morenia.com.hr\/wp-content\/uploads\/2026\/02\/14.webp\" alt=\"14\" \/><\/figure><\/div><div class=\"swiper-slide\" role=\"group\" aria-roledescription=\"slide\" aria-label=\"4 od 18\"><figure class=\"swiper-slide-inner\"><img decoding=\"async\" class=\"swiper-slide-image\" src=\"https:\/\/morenia.com.hr\/wp-content\/uploads\/2026\/02\/13A.webp\" alt=\"13A\" \/><\/figure><\/div><div class=\"swiper-slide\" role=\"group\" aria-roledescription=\"slide\" aria-label=\"5 od 18\"><figure class=\"swiper-slide-inner\"><img decoding=\"async\" class=\"swiper-slide-image\" src=\"https:\/\/morenia.com.hr\/wp-content\/uploads\/2026\/02\/13.webp\" alt=\"13\" \/><\/figure><\/div><div class=\"swiper-slide\" role=\"group\" aria-roledescription=\"slide\" aria-label=\"6 od 18\"><figure class=\"swiper-slide-inner\"><img decoding=\"async\" class=\"swiper-slide-image\" src=\"https:\/\/morenia.com.hr\/wp-content\/uploads\/2026\/02\/12.webp\" alt=\"12\" \/><\/figure><\/div><div class=\"swiper-slide\" role=\"group\" aria-roledescription=\"slide\" aria-label=\"7 od 18\"><figure class=\"swiper-slide-inner\"><img decoding=\"async\" class=\"swiper-slide-image\" src=\"https:\/\/morenia.com.hr\/wp-content\/uploads\/2026\/02\/11.webp\" alt=\"11\" \/><\/figure><\/div><div class=\"swiper-slide\" role=\"group\" aria-roledescription=\"slide\" aria-label=\"8 od 18\"><figure class=\"swiper-slide-inner\"><img decoding=\"async\" class=\"swiper-slide-image\" src=\"https:\/\/morenia.com.hr\/wp-content\/uploads\/2026\/02\/10A.webp\" alt=\"10A\" \/><\/figure><\/div><div class=\"swiper-slide\" role=\"group\" aria-roledescription=\"slide\" aria-label=\"9 od 18\"><figure class=\"swiper-slide-inner\"><img decoding=\"async\" class=\"swiper-slide-image\" src=\"https:\/\/morenia.com.hr\/wp-content\/uploads\/2026\/02\/10.webp\" alt=\"10\" \/><\/figure><\/div><div class=\"swiper-slide\" role=\"group\" aria-roledescription=\"slide\" aria-label=\"10 od 18\"><figure class=\"swiper-slide-inner\"><img decoding=\"async\" class=\"swiper-slide-image\" src=\"https:\/\/morenia.com.hr\/wp-content\/uploads\/2026\/02\/9A.webp\" alt=\"9A\" \/><\/figure><\/div><div class=\"swiper-slide\" role=\"group\" aria-roledescription=\"slide\" aria-label=\"11 od 18\"><figure class=\"swiper-slide-inner\"><img decoding=\"async\" class=\"swiper-slide-image\" src=\"https:\/\/morenia.com.hr\/wp-content\/uploads\/2026\/02\/9.webp\" alt=\"9\" \/><\/figure><\/div><div class=\"swiper-slide\" role=\"group\" aria-roledescription=\"slide\" aria-label=\"12 od 18\"><figure class=\"swiper-slide-inner\"><img decoding=\"async\" class=\"swiper-slide-image\" src=\"https:\/\/morenia.com.hr\/wp-content\/uploads\/2026\/02\/8.webp\" alt=\"8\" \/><\/figure><\/div><div class=\"swiper-slide\" role=\"group\" aria-roledescription=\"slide\" aria-label=\"13 od 18\"><figure class=\"swiper-slide-inner\"><img decoding=\"async\" class=\"swiper-slide-image\" src=\"https:\/\/morenia.com.hr\/wp-content\/uploads\/2026\/02\/7.webp\" alt=\"7\" \/><\/figure><\/div><div class=\"swiper-slide\" role=\"group\" aria-roledescription=\"slide\" aria-label=\"14 od 18\"><figure class=\"swiper-slide-inner\"><img decoding=\"async\" class=\"swiper-slide-image\" src=\"https:\/\/morenia.com.hr\/wp-content\/uploads\/2026\/02\/6.webp\" alt=\"6\" \/><\/figure><\/div><div class=\"swiper-slide\" role=\"group\" aria-roledescription=\"slide\" aria-label=\"15 od 18\"><figure class=\"swiper-slide-inner\"><img decoding=\"async\" class=\"swiper-slide-image\" src=\"https:\/\/morenia.com.hr\/wp-content\/uploads\/2026\/02\/5A.webp\" alt=\"5A\" \/><\/figure><\/div><div class=\"swiper-slide\" role=\"group\" aria-roledescription=\"slide\" aria-label=\"16 od 18\"><figure class=\"swiper-slide-inner\"><img decoding=\"async\" class=\"swiper-slide-image\" src=\"https:\/\/morenia.com.hr\/wp-content\/uploads\/2026\/02\/4.webp\" alt=\"4\" \/><\/figure><\/div><div class=\"swiper-slide\" role=\"group\" aria-roledescription=\"slide\" aria-label=\"17 od 18\"><figure class=\"swiper-slide-inner\"><img decoding=\"async\" class=\"swiper-slide-image\" src=\"https:\/\/morenia.com.hr\/wp-content\/uploads\/2026\/02\/3A.webp\" alt=\"3A\" \/><\/figure><\/div><div class=\"swiper-slide\" role=\"group\" aria-roledescription=\"slide\" aria-label=\"18 od 18\"><figure class=\"swiper-slide-inner\"><img decoding=\"async\" class=\"swiper-slide-image\" src=\"https:\/\/morenia.com.hr\/wp-content\/uploads\/2026\/02\/3.webp\" alt=\"3\" \/><\/figure><\/div>\t\t\t<\/div>\n\t\t\t\t\t\t\t\t\t\t\t\t<div class=\"elementor-swiper-button elementor-swiper-button-prev\" role=\"button\" tabindex=\"0\">\n\t\t\t\t\t\t<svg aria-hidden=\"true\" class=\"e-font-icon-svg e-eicon-chevron-left\" viewBox=\"0 0 1000 1000\" xmlns=\"http:\/\/www.w3.org\/2000\/svg\"><path d=\"M646 125C629 125 613 133 604 142L308 442C296 454 292 471 292 487 292 504 296 521 308 533L604 854C617 867 629 875 646 875 663 875 679 871 692 858 704 846 713 829 713 812 713 796 708 779 692 767L438 487 692 225C700 217 708 204 708 187 708 171 704 154 692 142 675 129 663 125 646 125Z\"><\/path><\/svg>\t\t\t\t\t<\/div>\n\t\t\t\t\t<div class=\"elementor-swiper-button elementor-swiper-button-next\" role=\"button\" tabindex=\"0\">\n\t\t\t\t\t\t<svg aria-hidden=\"true\" class=\"e-font-icon-svg e-eicon-chevron-right\" viewBox=\"0 0 1000 1000\" xmlns=\"http:\/\/www.w3.org\/2000\/svg\"><path d=\"M696 533C708 521 713 504 713 487 713 471 708 454 696 446L400 146C388 133 375 125 354 125 338 125 325 129 313 142 300 154 292 171 292 187 292 204 296 221 308 233L563 492 304 771C292 783 288 800 288 817 288 833 296 850 308 863 321 871 338 875 354 875 371 875 388 867 400 854L696 533Z\"><\/path><\/svg>\t\t\t\t\t<\/div>\n\t\t\t\t\n\t\t\t\t\t\t\t\t\t<div class=\"swiper-pagination\"><\/div>\n\t\t\t\t\t\t\t\t\t<\/div>\n\t\t\t\t\t\t<\/div>\n\t\t\t\t<\/div>\n\t\t<div class=\"elementor-element elementor-element-bd2d4d9 e-con-full e-flex e-con e-child\" data-id=\"bd2d4d9\" data-element_type=\"container\" data-e-type=\"container\">\n\t\t\t\t<div class=\"elementor-element elementor-element-e76b656 elementor-widget elementor-widget-text-editor\" data-id=\"e76b656\" data-element_type=\"widget\" data-e-type=\"widget\" data-widget_type=\"text-editor.default\">\n\t\t\t\t\t\t\t\t\t<div class=\"wpb_text_column wpb_content_element\"><div class=\"wpb_wrapper\"><p>Morenia All Inclusive Hotel, kao obiteljski hotel, jer idealno mjesto za odmor sa Va\u0161im najmla\u0111ima. \u2018Kids &amp; Teens Club\u2019 zauzima cijeli drugi kat hotelske zgrade. Za najmla\u0111e tu je zid za penjanje, kavez labirint sa toboganima i penjalicama, bazen\u010di\u0107 s lopticama, bicikli za unutarnju upotrebu, mno\u0161tvo igara i igra\u010dki. Na\u0161i animatori stoje Vam na raspolaganju u igraonici. Tako\u0111er, za najmla\u0111e smo vani pripremili dje\u010dji bazen i vanjsko igrali\u0161te. Za tinejd\u017eere smo pripremili igra\u0107e konzole sa velikim izborom igara, pikado, stolni nogomet, zra\u010dni hokej i flipere. Nadalje, na\u0161i animatori organiziraju razli\u010dite aktivnosti tokom dana kao \u0161to su dje\u010dji disco, slikanje, umjetni\u010dke i craft radionice, lekcije hrvatskog jezika, kvizove i sli\u010dno.<\/p><\/div><\/div>\t\t\t\t\t\t\t\t<\/div>\n\t\t\t\t<\/div>\n\t\t\t\t<\/div>\n\t\t\t\t\t<\/div>\n\t\t\t\t<\/div>\n\t\t\t\t<\/div>\n\t\t","protected":false},"excerpt":{"rendered":"<p>Morenia All Inclusive Hotel, kao obiteljski hotel, jer idealno mjesto za odmor sa Va\u0161im najmla\u0111ima. \u2018Kids &amp; Teens Club\u2019 zauzima cijeli drugi kat hotelske zgrade. Za najmla\u0111e tu je zid za penjanje, kavez labirint sa toboganima i penjalicama, bazen\u010di\u0107 s lopticama, bicikli za unutarnju upotrebu, mno\u0161tvo igara i igra\u010dki. Na\u0161i animatori stoje Vam na raspolaganju [&hellip;]<\/p>\n","protected":false},"author":1,"featured_media":0,"parent":0,"menu_order":0,"comment_status":"closed","ping_status":"closed","template":"elementor_header_footer","meta":{"inline_featured_image":false,"footnotes":""},"class_list":["post-10877","page","type-page","status-publish","hentry"],"yoast_head":"<!-- This site is optimized with the Yoast SEO plugin v27.2 - https:\/\/yoast.com\/product\/yoast-seo-wordpress\/ -->\n<title>Fun zone - Morenia Beach Resort<\/title>\n<meta name=\"description\" content=\"Morenia All Inclusive Hotel, kao obiteljski hotel, jer idealno mjesto za odmor sa Va\u0161im najmla\u0111ima. \u2018Kids &amp; Teens Club\u2019 zauzima cijeli drugi kat...\" \/>\n<meta name=\"robots\" content=\"index, follow, max-snippet:-1, max-image-preview:large, max-video-preview:-1\" \/>\n<link rel=\"canonical\" href=\"https:\/\/morenia.com.hr\/hr\/fun-zone\/\" \/>\n<meta property=\"og:locale\" content=\"hr_HR\" \/>\n<meta property=\"og:type\" content=\"article\" \/>\n<meta property=\"og:title\" content=\"Fun zone - Morenia Beach Resort\" \/>\n<meta property=\"og:description\" content=\"Morenia All Inclusive Hotel, kao obiteljski hotel, jer idealno mjesto za odmor sa Va\u0161im najmla\u0111ima. \u2018Kids &amp; Teens Club\u2019 zauzima cijeli drugi kat...\" \/>\n<meta property=\"og:url\" content=\"https:\/\/morenia.com.hr\/hr\/fun-zone\/\" \/>\n<meta property=\"og:site_name\" content=\"Morenia Beach Resort\" \/>\n<meta property=\"article:publisher\" content=\"https:\/\/www.facebook.com\/moreniaallinclusiveresort\/\" \/>\n<meta property=\"article:modified_time\" content=\"2026-03-20T08:25:34+00:00\" \/>\n<meta property=\"og:image\" content=\"https:\/\/morenia.com.hr\/wp-content\/uploads\/2026\/02\/2.webp\" \/>\n<meta name=\"twitter:card\" content=\"summary_large_image\" \/>\n<meta name=\"twitter:site\" content=\"@BeachMorenia\" \/>\n<meta name=\"twitter:label1\" content=\"Procijenjeno vrijeme \u010ditanja\" \/>\n\t<meta name=\"twitter:data1\" content=\"5 minuta\" \/>\n<script type=\"application\/ld+json\" class=\"yoast-schema-graph\">{\"@context\":\"https:\/\/schema.org\",\"@graph\":[{\"@type\":\"WebPage\",\"@id\":\"https:\/\/morenia.com.hr\/hr\/fun-zone\/\",\"url\":\"https:\/\/morenia.com.hr\/hr\/fun-zone\/\",\"name\":\"Fun zone - Morenia Beach Resort\",\"isPartOf\":{\"@id\":\"https:\/\/morenia.com.hr\/#website\"},\"primaryImageOfPage\":{\"@id\":\"https:\/\/morenia.com.hr\/hr\/fun-zone\/#primaryimage\"},\"image\":{\"@id\":\"https:\/\/morenia.com.hr\/hr\/fun-zone\/#primaryimage\"},\"thumbnailUrl\":\"https:\/\/morenia.com.hr\/wp-content\/uploads\/2026\/02\/2.webp\",\"datePublished\":\"2026-02-18T10:37:36+00:00\",\"dateModified\":\"2026-03-20T08:25:34+00:00\",\"description\":\"Morenia All Inclusive Hotel, kao obiteljski hotel, jer idealno mjesto za odmor sa Va\u0161im najmla\u0111ima. \u2018Kids & Teens Club\u2019 zauzima cijeli drugi kat...\",\"breadcrumb\":{\"@id\":\"https:\/\/morenia.com.hr\/hr\/fun-zone\/#breadcrumb\"},\"inLanguage\":\"hr\",\"potentialAction\":[{\"@type\":\"ReadAction\",\"target\":[\"https:\/\/morenia.com.hr\/hr\/fun-zone\/\"]}]},{\"@type\":\"ImageObject\",\"inLanguage\":\"hr\",\"@id\":\"https:\/\/morenia.com.hr\/hr\/fun-zone\/#primaryimage\",\"url\":\"https:\/\/morenia.com.hr\/wp-content\/uploads\/2026\/02\/2.webp\",\"contentUrl\":\"https:\/\/morenia.com.hr\/wp-content\/uploads\/2026\/02\/2.webp\"},{\"@type\":\"BreadcrumbList\",\"@id\":\"https:\/\/morenia.com.hr\/hr\/fun-zone\/#breadcrumb\",\"itemListElement\":[{\"@type\":\"ListItem\",\"position\":1,\"name\":\"Home\",\"item\":\"https:\/\/morenia.com.hr\/hr\/\"},{\"@type\":\"ListItem\",\"position\":2,\"name\":\"Fun zone\"}]},{\"@type\":\"WebSite\",\"@id\":\"https:\/\/morenia.com.hr\/#website\",\"url\":\"https:\/\/morenia.com.hr\/\",\"name\":\"Morenia Beach Resort\",\"description\":\"A lot of everything\",\"potentialAction\":[{\"@type\":\"SearchAction\",\"target\":{\"@type\":\"EntryPoint\",\"urlTemplate\":\"https:\/\/morenia.com.hr\/?s={search_term_string}\"},\"query-input\":{\"@type\":\"PropertyValueSpecification\",\"valueRequired\":true,\"valueName\":\"search_term_string\"}}],\"inLanguage\":\"hr\"}]}<\/script>\n<!-- \/ Yoast SEO plugin. -->","yoast_head_json":{"title":"Fun zone - Morenia Beach Resort","description":"Morenia All Inclusive Hotel, kao obiteljski hotel, jer idealno mjesto za odmor sa Va\u0161im najmla\u0111ima. \u2018Kids & Teens Club\u2019 zauzima cijeli drugi kat...","robots":{"index":"index","follow":"follow","max-snippet":"max-snippet:-1","max-image-preview":"max-image-preview:large","max-video-preview":"max-video-preview:-1"},"canonical":"https:\/\/morenia.com.hr\/hr\/fun-zone\/","og_locale":"hr_HR","og_type":"article","og_title":"Fun zone - Morenia Beach Resort","og_description":"Morenia All Inclusive Hotel, kao obiteljski hotel, jer idealno mjesto za odmor sa Va\u0161im najmla\u0111ima. \u2018Kids & Teens Club\u2019 zauzima cijeli drugi kat...","og_url":"https:\/\/morenia.com.hr\/hr\/fun-zone\/","og_site_name":"Morenia Beach Resort","article_publisher":"https:\/\/www.facebook.com\/moreniaallinclusiveresort\/","article_modified_time":"2026-03-20T08:25:34+00:00","og_image":[{"url":"https:\/\/morenia.com.hr\/wp-content\/uploads\/2026\/02\/2.webp","type":"","width":"","height":""}],"twitter_card":"summary_large_image","twitter_site":"@BeachMorenia","twitter_misc":{"Procijenjeno vrijeme \u010ditanja":"5 minuta"},"schema":{"@context":"https:\/\/schema.org","@graph":[{"@type":"WebPage","@id":"https:\/\/morenia.com.hr\/hr\/fun-zone\/","url":"https:\/\/morenia.com.hr\/hr\/fun-zone\/","name":"Fun zone - Morenia Beach Resort","isPartOf":{"@id":"https:\/\/morenia.com.hr\/#website"},"primaryImageOfPage":{"@id":"https:\/\/morenia.com.hr\/hr\/fun-zone\/#primaryimage"},"image":{"@id":"https:\/\/morenia.com.hr\/hr\/fun-zone\/#primaryimage"},"thumbnailUrl":"https:\/\/morenia.com.hr\/wp-content\/uploads\/2026\/02\/2.webp","datePublished":"2026-02-18T10:37:36+00:00","dateModified":"2026-03-20T08:25:34+00:00","description":"Morenia All Inclusive Hotel, kao obiteljski hotel, jer idealno mjesto za odmor sa Va\u0161im najmla\u0111ima. \u2018Kids & Teens Club\u2019 zauzima cijeli drugi kat...","breadcrumb":{"@id":"https:\/\/morenia.com.hr\/hr\/fun-zone\/#breadcrumb"},"inLanguage":"hr","potentialAction":[{"@type":"ReadAction","target":["https:\/\/morenia.com.hr\/hr\/fun-zone\/"]}]},{"@type":"ImageObject","inLanguage":"hr","@id":"https:\/\/morenia.com.hr\/hr\/fun-zone\/#primaryimage","url":"https:\/\/morenia.com.hr\/wp-content\/uploads\/2026\/02\/2.webp","contentUrl":"https:\/\/morenia.com.hr\/wp-content\/uploads\/2026\/02\/2.webp"},{"@type":"BreadcrumbList","@id":"https:\/\/morenia.com.hr\/hr\/fun-zone\/#breadcrumb","itemListElement":[{"@type":"ListItem","position":1,"name":"Home","item":"https:\/\/morenia.com.hr\/hr\/"},{"@type":"ListItem","position":2,"name":"Fun zone"}]},{"@type":"WebSite","@id":"https:\/\/morenia.com.hr\/#website","url":"https:\/\/morenia.com.hr\/","name":"Morenia Beach Resort","description":"A lot of everything","potentialAction":[{"@type":"SearchAction","target":{"@type":"EntryPoint","urlTemplate":"https:\/\/morenia.com.hr\/?s={search_term_string}"},"query-input":{"@type":"PropertyValueSpecification","valueRequired":true,"valueName":"search_term_string"}}],"inLanguage":"hr"}]}},"_links":{"self":[{"href":"https:\/\/morenia.com.hr\/hr\/wp-json\/wp\/v2\/pages\/10877","targetHints":{"allow":["GET"]}}],"collection":[{"href":"https:\/\/morenia.com.hr\/hr\/wp-json\/wp\/v2\/pages"}],"about":[{"href":"https:\/\/morenia.com.hr\/hr\/wp-json\/wp\/v2\/types\/page"}],"author":[{"embeddable":true,"href":"https:\/\/morenia.com.hr\/hr\/wp-json\/wp\/v2\/users\/1"}],"replies":[{"embeddable":true,"href":"https:\/\/morenia.com.hr\/hr\/wp-json\/wp\/v2\/comments?post=10877"}],"version-history":[{"count":4,"href":"https:\/\/morenia.com.hr\/hr\/wp-json\/wp\/v2\/pages\/10877\/revisions"}],"predecessor-version":[{"id":10882,"href":"https:\/\/morenia.com.hr\/hr\/wp-json\/wp\/v2\/pages\/10877\/revisions\/10882"}],"wp:attachment":[{"href":"https:\/\/morenia.com.hr\/hr\/wp-json\/wp\/v2\/media?parent=10877"}],"curies":[{"name":"wp","href":"https:\/\/api.w.org\/{rel}","templated":true}]}}