{"id":10884,"date":"2026-02-18T11:29:21","date_gmt":"2026-02-18T11:29:21","guid":{"rendered":"https:\/\/morenia.com.hr\/pet-friendly\/"},"modified":"2026-03-20T08:32:32","modified_gmt":"2026-03-20T08:32:32","slug":"pet-friendly","status":"publish","type":"page","link":"https:\/\/morenia.com.hr\/hr\/pet-friendly\/","title":{"rendered":"Pet friendly"},"content":{"rendered":"\t\t<div data-elementor-type=\"wp-page\" data-elementor-id=\"10884\" class=\"elementor elementor-10884 elementor-10251\" data-elementor-post-type=\"page\">\n\t\t\t\t<div class=\"elementor-element elementor-element-5c4ac8b e-con-full page_hero e-flex e-con e-parent\" data-id=\"5c4ac8b\" data-element_type=\"container\" data-e-type=\"container\" data-settings=\"{&quot;background_background&quot;:&quot;classic&quot;}\">\n\t\t\t\t<div class=\"elementor-element elementor-element-9df8a8e elementor-widget elementor-widget-heading\" data-id=\"9df8a8e\" data-element_type=\"widget\" data-e-type=\"widget\" data-widget_type=\"heading.default\">\n\t\t\t\t\t<h1 class=\"elementor-heading-title elementor-size-default\">Pet friendly<\/h1>\t\t\t\t<\/div>\n\t\t\t\t<\/div>\n\t\t<div class=\"elementor-element elementor-element-704ee76 e-con-full e-flex e-con e-parent\" data-id=\"704ee76\" data-element_type=\"container\" data-e-type=\"container\">\n\t\t<div class=\"elementor-element elementor-element-f6dc782 e-con-full e-flex e-con e-child\" data-id=\"f6dc782\" data-element_type=\"container\" data-e-type=\"container\">\n\t\t\t\t<div class=\"elementor-element elementor-element-e76b656 elementor-widget elementor-widget-text-editor\" data-id=\"e76b656\" data-element_type=\"widget\" data-e-type=\"widget\" data-widget_type=\"text-editor.default\">\n\t\t\t\t\t\t\t\t\t<div class=\"wpb_text_column wpb_content_element\"><div class=\"wpb_wrapper\"><p>Va\u0161i ku\u0107ni ljubimci, psi su dobrodo\u0161li u Morenia Park Villas. Kako bi se kod nas osje\u0107ali \u0161to ugodnije, pripremili smo za njih nekoliko sitnica:<br \/>\u2022 Prostirku,<br \/>\u2022 zdjelice od nehr\u0111aju\u0107eg \u010delika za hranu i pi\u0107e,<br \/>\u2022 vre\u0107icu poslastica za pse (100gr)<br \/>\u2022 vre\u0107ice za prikupljanje izmeta.<\/p><p>Prvo i najva\u017enije \u2013 du\u017eni ste nas obavijestiti da planirate dovesti svojeg ljubimca kako bismo vam pripremili smje\u0161taj, ali i zato \u0161to raspola\u017eemo s ograni\u010denim brojem pet friendly mobilnih ku\u0107ica. U Morenia Park Villas mo\u017eete do\u0107i s 1 psom do 15 kg te\u017eine. Radi prijave ponesite putovnicu ili potvrdu o cijepljenju va\u0161eg ku\u0107nog ljubimca.<\/p><h3>Cijene<\/h3><p>Cijena boravka psa je 25 EUR po no\u0107enju, te tro\u0161ak zavr\u0161nog \u010di\u0161\u0107enja od 50 EUR.<br \/>Ukoliko ne najavite boravak Va\u0161eg ku\u0107nog ljubimca pisanim putem davatelju usluge Morenia Park Villas pri rezervaciji tada cijena boravka ku\u0107nog ljubimca u mobilnoj ku\u0107ici iznosi 50 EUR po no\u0107enju uz tro\u0161ak zavr\u0161nog \u010di\u0161\u0107enja od 100 EUR.<br \/>Psi pomo\u0107nici borave u Morenia Park Villas bez naplate uz dostavu potvrde o slu\u017ebi i najavu.<\/p><h3>Pravila pona\u0161anja<\/h3><p>\u2022 Nije dozvoljeno ku\u0107nog ljubimca, psa ostaviti samog u mobilnoj ku\u0107ici zbog njegove sigurnosti, ali i sigurnosti na\u0161eg osoblja;<br \/>\u2022 dr\u017eite ku\u0107nog ljubimca, psa pod nadzorom kada je osoblje prisutno i\/ili sobarica obavlja svoju du\u017enost;<br \/>\u2022 nije dozvoljeno dovoditi ku\u0107nog ljubimca, psa u javne prostore poput recepcije, restorana, fitness centra, bara, bazena i Fun Zone;<br \/>\u2022 nije dopu\u0161teno kupanje ku\u0107nim ljubimcima, psima u bazenu;<br \/>\u2022 ku\u0107nim ljubimcima, psima nije dozvoljen boravak na krevetima u mobilnim ku\u0107icama, za njih smo pripremili prostirke;<br \/>\u2022 dr\u017eite ku\u0107nog ljubimca, psa na uzici tijekom boravka na svim javnim povr\u0161inama, te pokupite izmet za njima;<br \/>\u2022 ku\u0107nim ljubimcima, psima ponesite svu potrebnu opremu koja se ne nalazi u na\u0161em paketu;<br \/>\u2022 imajte sa sobom dokaz o cijepljenosti ku\u0107nog ljubimca, psa i\/ili pse\u0107u putovnicu.<\/p><p>NAPOMENA:<br \/>Posebno vas molimo, prije rezervacije smje\u0161taja za va\u0161eg ku\u0107nog ljubimca ,razmislite je li va\u0161 pas potencijalno preglasan za boravak u turisti\u010dkom naselju Morenia Beach Resort. Naime, u bilo kojem slu\u010daju ometanja mira i boravka drugih gostiju, zadr\u017eavamo pravo uskrate daljnjeg boravka, bez obzira na pla\u0107en boravak. Morenia Beach Resort zadr\u017eava pravo naplate mo\u017eebitne \u0161tete uzrokovane boravkom ku\u0107nog ljubimca, psa ako je prekr\u0161en ovaj pravilnik i ku\u0107ni red ili o\u0161te\u0107ena imovina Morenia Beach Resorta.<\/p><p>\u00a0<\/p><h4>Pla\u017ee za pse<\/h4><p>Ako \u017eelite ku\u0107nog ljubimca, psa pustiti da slobodno u\u017eiva u kupanju, blizu na\u0161eg resorta postoje dvije pla\u017ee za pse:<br \/><strong>Drvenik<\/strong><br \/>Pla\u017ea Drvenik, Donja Vala &#8211; udaljena je 5 minuta vo\u017enje od Morenia Beach Resorta. Pla\u017ea za pse se nalazi na desnoj strani uvale prema stijenama.<br \/><strong>Gradac<\/strong><br \/>Pla\u017ea Gradac &#8211; nalazi se 10 minuta vo\u017enje od Morenia Beach Resorta. Pla\u017ea za pse nalazi se zapadno od centra Gradca i glavne gradske pla\u017ee u smjeru Brista.<\/p><h4>Veterinarske ambulante<\/h4><p>Makarska<br \/>Veterinarska praksa SNOOPY za male \u017eivotinje<br \/>Ul. Zrinsko Frankopanska S7, 21300, Makarska<br \/>Tel: +38521208189<\/p><p>Metkovi\u0107<br \/>Veterinarska ambulanta PAPONJA d.o.o.<br \/>Ul. kneza Domagoja 2\/2, 20350, Metkovi\u0107<br \/>Tel: +385911868940<\/p><p>Veterinarska ljekarna<br \/>Diva Veterina<br \/>Mlinska ul. 22, 20350, Metkovi\u0107<br \/>Tel: +38520681277<\/p><p>Pet shop<br \/>PET SHOP ARKA Veterinarska ljekarna<br \/>Potok ul. 43, 21300, Makarska<br \/>Tel: +38521610597<\/p><p>\u00a0<\/p><p><em>\u017delimo Vam ugodan boravak.<\/em><br \/><em>Morenia Beach Resort,<\/em><br \/><em>Uprava<\/em><\/p><\/div><\/div>\t\t\t\t\t\t\t\t<\/div>\n\t\t\t\t<div class=\"elementor-element elementor-element-75d4685 elementor-widget elementor-widget-button\" data-id=\"75d4685\" data-element_type=\"widget\" data-e-type=\"widget\" data-widget_type=\"button.default\">\n\t\t\t\t\t\t\t\t\t\t<a class=\"elementor-button elementor-button-link elementor-size-sm\" href=\"\/hr\/kontakt\/\">\n\t\t\t\t\t\t<span class=\"elementor-button-content-wrapper\">\n\t\t\t\t\t\t\t\t\t<span class=\"elementor-button-text\">Kontaktirajte nas<\/span>\n\t\t\t\t\t<\/span>\n\t\t\t\t\t<\/a>\n\t\t\t\t\t\t\t\t<\/div>\n\t\t\t\t<\/div>\n\t\t\t\t<\/div>\n\t\t\t\t<\/div>\n\t\t","protected":false},"excerpt":{"rendered":"<p>Va\u0161i ku\u0107ni ljubimci, psi su dobrodo\u0161li u Morenia Park Villas. Kako bi se kod nas osje\u0107ali \u0161to ugodnije, pripremili smo za njih nekoliko sitnica:\u2022 Prostirku,\u2022 zdjelice od nehr\u0111aju\u0107eg \u010delika za hranu i pi\u0107e,\u2022 vre\u0107icu poslastica za pse (100gr)\u2022 vre\u0107ice za prikupljanje izmeta. Prvo i najva\u017enije \u2013 du\u017eni ste nas obavijestiti da planirate dovesti svojeg ljubimca [&hellip;]<\/p>\n","protected":false},"author":1,"featured_media":0,"parent":0,"menu_order":0,"comment_status":"closed","ping_status":"closed","template":"elementor_header_footer","meta":{"inline_featured_image":false,"footnotes":""},"class_list":["post-10884","page","type-page","status-publish","hentry"],"yoast_head":"<!-- This site is optimized with the Yoast SEO plugin v27.2 - https:\/\/yoast.com\/product\/yoast-seo-wordpress\/ -->\n<title>Pet friendly - Morenia Beach Resort<\/title>\n<meta name=\"description\" content=\"Va\u0161i ku\u0107ni ljubimci, psi su dobrodo\u0161li u Morenia Park Villas. Kako bi se kod nas osje\u0107ali \u0161to ugodnije, pripremili smo za njih nekoliko sitnica...\" \/>\n<meta name=\"robots\" content=\"index, follow, max-snippet:-1, max-image-preview:large, max-video-preview:-1\" \/>\n<link rel=\"canonical\" href=\"https:\/\/morenia.com.hr\/hr\/pet-friendly\/\" \/>\n<meta property=\"og:locale\" content=\"hr_HR\" \/>\n<meta property=\"og:type\" content=\"article\" \/>\n<meta property=\"og:title\" content=\"Pet friendly - Morenia Beach Resort\" \/>\n<meta property=\"og:description\" content=\"Va\u0161i ku\u0107ni ljubimci, psi su dobrodo\u0161li u Morenia Park Villas. Kako bi se kod nas osje\u0107ali \u0161to ugodnije, pripremili smo za njih nekoliko sitnica...\" \/>\n<meta property=\"og:url\" content=\"https:\/\/morenia.com.hr\/hr\/pet-friendly\/\" \/>\n<meta property=\"og:site_name\" content=\"Morenia Beach Resort\" \/>\n<meta property=\"article:publisher\" content=\"https:\/\/www.facebook.com\/moreniaallinclusiveresort\/\" \/>\n<meta property=\"article:modified_time\" content=\"2026-03-20T08:32:32+00:00\" \/>\n<meta name=\"twitter:card\" content=\"summary_large_image\" \/>\n<meta name=\"twitter:site\" content=\"@BeachMorenia\" \/>\n<meta name=\"twitter:label1\" content=\"Procijenjeno vrijeme \u010ditanja\" \/>\n\t<meta name=\"twitter:data1\" content=\"3 minute\" \/>\n<script type=\"application\/ld+json\" class=\"yoast-schema-graph\">{\"@context\":\"https:\/\/schema.org\",\"@graph\":[{\"@type\":\"WebPage\",\"@id\":\"https:\/\/morenia.com.hr\/hr\/pet-friendly\/\",\"url\":\"https:\/\/morenia.com.hr\/hr\/pet-friendly\/\",\"name\":\"Pet friendly - Morenia Beach Resort\",\"isPartOf\":{\"@id\":\"https:\/\/morenia.com.hr\/#website\"},\"datePublished\":\"2026-02-18T11:29:21+00:00\",\"dateModified\":\"2026-03-20T08:32:32+00:00\",\"description\":\"Va\u0161i ku\u0107ni ljubimci, psi su dobrodo\u0161li u Morenia Park Villas. Kako bi se kod nas osje\u0107ali \u0161to ugodnije, pripremili smo za njih nekoliko sitnica...\",\"breadcrumb\":{\"@id\":\"https:\/\/morenia.com.hr\/hr\/pet-friendly\/#breadcrumb\"},\"inLanguage\":\"hr\",\"potentialAction\":[{\"@type\":\"ReadAction\",\"target\":[\"https:\/\/morenia.com.hr\/hr\/pet-friendly\/\"]}]},{\"@type\":\"BreadcrumbList\",\"@id\":\"https:\/\/morenia.com.hr\/hr\/pet-friendly\/#breadcrumb\",\"itemListElement\":[{\"@type\":\"ListItem\",\"position\":1,\"name\":\"Home\",\"item\":\"https:\/\/morenia.com.hr\/hr\/\"},{\"@type\":\"ListItem\",\"position\":2,\"name\":\"Pet friendly\"}]},{\"@type\":\"WebSite\",\"@id\":\"https:\/\/morenia.com.hr\/#website\",\"url\":\"https:\/\/morenia.com.hr\/\",\"name\":\"Morenia Beach Resort\",\"description\":\"A lot of everything\",\"potentialAction\":[{\"@type\":\"SearchAction\",\"target\":{\"@type\":\"EntryPoint\",\"urlTemplate\":\"https:\/\/morenia.com.hr\/?s={search_term_string}\"},\"query-input\":{\"@type\":\"PropertyValueSpecification\",\"valueRequired\":true,\"valueName\":\"search_term_string\"}}],\"inLanguage\":\"hr\"}]}<\/script>\n<!-- \/ Yoast SEO plugin. -->","yoast_head_json":{"title":"Pet friendly - Morenia Beach Resort","description":"Va\u0161i ku\u0107ni ljubimci, psi su dobrodo\u0161li u Morenia Park Villas. Kako bi se kod nas osje\u0107ali \u0161to ugodnije, pripremili smo za njih nekoliko sitnica...","robots":{"index":"index","follow":"follow","max-snippet":"max-snippet:-1","max-image-preview":"max-image-preview:large","max-video-preview":"max-video-preview:-1"},"canonical":"https:\/\/morenia.com.hr\/hr\/pet-friendly\/","og_locale":"hr_HR","og_type":"article","og_title":"Pet friendly - Morenia Beach Resort","og_description":"Va\u0161i ku\u0107ni ljubimci, psi su dobrodo\u0161li u Morenia Park Villas. Kako bi se kod nas osje\u0107ali \u0161to ugodnije, pripremili smo za njih nekoliko sitnica...","og_url":"https:\/\/morenia.com.hr\/hr\/pet-friendly\/","og_site_name":"Morenia Beach Resort","article_publisher":"https:\/\/www.facebook.com\/moreniaallinclusiveresort\/","article_modified_time":"2026-03-20T08:32:32+00:00","twitter_card":"summary_large_image","twitter_site":"@BeachMorenia","twitter_misc":{"Procijenjeno vrijeme \u010ditanja":"3 minute"},"schema":{"@context":"https:\/\/schema.org","@graph":[{"@type":"WebPage","@id":"https:\/\/morenia.com.hr\/hr\/pet-friendly\/","url":"https:\/\/morenia.com.hr\/hr\/pet-friendly\/","name":"Pet friendly - Morenia Beach Resort","isPartOf":{"@id":"https:\/\/morenia.com.hr\/#website"},"datePublished":"2026-02-18T11:29:21+00:00","dateModified":"2026-03-20T08:32:32+00:00","description":"Va\u0161i ku\u0107ni ljubimci, psi su dobrodo\u0161li u Morenia Park Villas. Kako bi se kod nas osje\u0107ali \u0161to ugodnije, pripremili smo za njih nekoliko sitnica...","breadcrumb":{"@id":"https:\/\/morenia.com.hr\/hr\/pet-friendly\/#breadcrumb"},"inLanguage":"hr","potentialAction":[{"@type":"ReadAction","target":["https:\/\/morenia.com.hr\/hr\/pet-friendly\/"]}]},{"@type":"BreadcrumbList","@id":"https:\/\/morenia.com.hr\/hr\/pet-friendly\/#breadcrumb","itemListElement":[{"@type":"ListItem","position":1,"name":"Home","item":"https:\/\/morenia.com.hr\/hr\/"},{"@type":"ListItem","position":2,"name":"Pet friendly"}]},{"@type":"WebSite","@id":"https:\/\/morenia.com.hr\/#website","url":"https:\/\/morenia.com.hr\/","name":"Morenia Beach Resort","description":"A lot of everything","potentialAction":[{"@type":"SearchAction","target":{"@type":"EntryPoint","urlTemplate":"https:\/\/morenia.com.hr\/?s={search_term_string}"},"query-input":{"@type":"PropertyValueSpecification","valueRequired":true,"valueName":"search_term_string"}}],"inLanguage":"hr"}]}},"_links":{"self":[{"href":"https:\/\/morenia.com.hr\/hr\/wp-json\/wp\/v2\/pages\/10884","targetHints":{"allow":["GET"]}}],"collection":[{"href":"https:\/\/morenia.com.hr\/hr\/wp-json\/wp\/v2\/pages"}],"about":[{"href":"https:\/\/morenia.com.hr\/hr\/wp-json\/wp\/v2\/types\/page"}],"author":[{"embeddable":true,"href":"https:\/\/morenia.com.hr\/hr\/wp-json\/wp\/v2\/users\/1"}],"replies":[{"embeddable":true,"href":"https:\/\/morenia.com.hr\/hr\/wp-json\/wp\/v2\/comments?post=10884"}],"version-history":[{"count":5,"href":"https:\/\/morenia.com.hr\/hr\/wp-json\/wp\/v2\/pages\/10884\/revisions"}],"predecessor-version":[{"id":11239,"href":"https:\/\/morenia.com.hr\/hr\/wp-json\/wp\/v2\/pages\/10884\/revisions\/11239"}],"wp:attachment":[{"href":"https:\/\/morenia.com.hr\/hr\/wp-json\/wp\/v2\/media?parent=10884"}],"curies":[{"name":"wp","href":"https:\/\/api.w.org\/{rel}","templated":true}]}}