{"id":10938,"date":"2026-02-09T10:12:54","date_gmt":"2026-02-09T10:12:54","guid":{"rendered":"https:\/\/morenia.com.hr\/terms-of-use\/"},"modified":"2026-03-20T08:36:51","modified_gmt":"2026-03-20T08:36:51","slug":"pravila-koristenja","status":"publish","type":"page","link":"https:\/\/morenia.com.hr\/hr\/pravila-koristenja\/","title":{"rendered":"Pravila kori\u0161tenja"},"content":{"rendered":"\t\t<div data-elementor-type=\"wp-page\" data-elementor-id=\"10938\" class=\"elementor elementor-10938 elementor-9261\" data-elementor-post-type=\"page\">\n\t\t\t\t<div class=\"elementor-element elementor-element-41a98e3 e-con-full page_hero e-flex e-con e-parent\" data-id=\"41a98e3\" data-element_type=\"container\" data-e-type=\"container\" data-settings=\"{&quot;background_background&quot;:&quot;classic&quot;}\">\n\t\t\t\t<div class=\"elementor-element elementor-element-47f7b2c elementor-widget elementor-widget-heading\" data-id=\"47f7b2c\" data-element_type=\"widget\" data-e-type=\"widget\" data-widget_type=\"heading.default\">\n\t\t\t\t\t<h1 class=\"elementor-heading-title elementor-size-default\">Pravila kori\u0161tenja<\/h1>\t\t\t\t<\/div>\n\t\t\t\t<\/div>\n\t\t<div class=\"elementor-element elementor-element-bfeb8e8 e-flex e-con-boxed e-con e-parent\" data-id=\"bfeb8e8\" data-element_type=\"container\" data-e-type=\"container\">\n\t\t\t\t\t<div class=\"e-con-inner\">\n\t\t<div class=\"elementor-element elementor-element-d7749b4 e-con-full e-flex e-con e-child\" data-id=\"d7749b4\" data-element_type=\"container\" data-e-type=\"container\">\n\t\t\t\t<div class=\"elementor-element elementor-element-7ca580d elementor-widget elementor-widget-text-editor\" data-id=\"7ca580d\" data-element_type=\"widget\" data-e-type=\"widget\" data-widget_type=\"text-editor.default\">\n\t\t\t\t\t\t\t\t\t<div class=\"wpb_text_column wpb_content_element\"><div class=\"wpb_wrapper\"><div class=\"wpb_text_column wpb_content_element\"><div class=\"wpb_wrapper\"><p>Prihva\u0107anjem op\u0107ih uvjeta i pravila sla\u017eete se sa slijede\u0107om tvrdnjom:<\/p><p>Svi op\u0107i uvjeti i pravila prisutni na ovoj stranici kao i sva ugovorena i neugovorena prava i obveze kao i sporovi koji proizlaze iz bilo koje transakcije sa Uvala Borova Podaca d.o.o. zakonima Republike Hrvatske i pod apsolutnom su nadle\u017eno\u0161\u0107u hrvatskih sudova.<\/p><p>Sla\u017eete se da tvrtka Uvala Borova Podaca d.o.o. ne\u0107e biti odgovorna ni za kakvu neizravnu, posljedi\u010dnu, slu\u010dajnu, posebnu ili kaznenu \u0161tetu, \u010dak i ako ste kao kupac bili upozoreni na mogu\u0107nost \u0161tete i to odricanje od odgovornosti se odnosi na sve \u0161tete ili ozljede a najve\u0107a je odgovornost za nastalu \u0161tetu definirana sa strane police osiguranja Morenia Beach Resorta i Hrvatske sudske prakse.<\/p><p>\u00a0<\/p><p><strong>Autorska prava<\/strong><\/p><p>Sva autorska prava i druga prava intelektualnog vlasni\u0161tva u vidu tekstova, slika i drugih materijala na ovoj stranici (Sadr\u017eaj) u vlasni\u0161tvu su tvrtke Uvala Borova Podaca d.o.o. ili su uklju\u010deni uz dopu\u0161tenje nadle\u017enih vlasnika. Ove informacije ne mogu se kopirati, distribuirati, prikazivati, reproducirati ili prenositi u bilo kojem obliku ili na bilo koji na\u010din, elektroni\u010dki, mehani\u010dki, fotokopiranjem, snimanjem ili na neki drugi na\u010din, bez prethodnog pismenog dopu\u0161tenja tvrtke Uvala Borova Podaca d.o.o. Kori\u0161tenje bilo kakve meta oznake ili bilo koji drugi na\u010din \u201cskrivenog teksta\u201d koji koristi na\u0161e ime, za\u0161titni znak ili druge za\u0161ti\u0107ene podatke bez prethodnog izri\u010ditog pisanog pristanka, nije dopu\u0161teno.<\/p><p>Sadr\u017eaj se mo\u017ee preuzeti i reproducirati isklju\u010divo za osobnu nekomercijalnu ili unutarnju upotrebu. Svaka osoba prilikom preuzimanja, reproduciranja ili kori\u0161tenja sadr\u017eaja na neki drugi na\u010din, sla\u017ee se da \u0107e sprije\u010diti bilo kakvo neovla\u0161teno kopiranje sadr\u017eaja.<\/p><p>\u00a0<\/p><p><strong>Obavijest o privatnosti<\/strong><\/p><p>Uvala Borova Podaca d.o.o. poduzima odgovaraju\u0107e mjere kako bi za\u0161titila privatnost i povjerljivost svojih klijenata, kao i kako bi bila u skladu sa va\u017ee\u0107im zakonima i propisima.<\/p><p>Uvala Borova Podaca d.o.o. prikuplja podatke koji sadr\u017ee informacije o na\u0161im klijentima: ime i prezime, adresa, dob, spol, financijska povijest i osobni identifikacijski broj.<\/p><p>Web stranica www.morenia.com.hr pohranjuje dio podataka putem \u201ckola\u010di\u0107a\u201d. Kola\u010di\u0107i sadr\u017ee informacije o vama i va\u0161im pretragama. Ako ste se raspitivali o cijenama i dostupnosti, stranica stvara kola\u010di\u0107 koji sadr\u017ei ove podatke ili sadr\u017eava samo zapis o stranicama koje ste posjetili.<\/p><p>Samo informacije koje vi direktno dijelite mogu biti pohranjene u kola\u010di\u0107. Dopu\u0161taju\u0107i web stranice da stvori kola\u010di\u0107 ne omogu\u0107uje nikakav daljnji pristup stranice ostatku va\u0161eg ra\u010dunala, a samo stranica koja je isti kreirala mo\u017ee ga pro\u010ditati.<\/p><p>Zadane postavke u ve\u0107ini preglednika su po\u010detno postavljene na prihva\u0107anje kola\u010di\u0107a, ali vi mo\u017eete u svakom trenutku odlu\u010diti \u017eelite li ili ne prihvatiti ga. Mo\u017eete sprije\u010diti kori\u0161tenje kola\u010di\u0107a mijenjanjem postavki preglednika no to \u0107e mo\u017eda onemogu\u0107iti kori\u0161tenje neke od na\u0161ih usluga.<\/p><p>Morenia Beach Resort koriste Secure Sockets Layer (SSL), koji \u0161ifrira podatke koje ste unijeli i koji su certificirani od strane sigurnog poslu\u017eitelja.<\/p><p>\u00a0<\/p><p><strong>Kontakt<\/strong><\/p><p>Ako imate bilo kakvih pitanja u vezi s izlo\u017eenim op\u0107im uvjetima i pravilima ne ustru\u010davajte se kontaktirati nas na: <a href=\"mailto:info@morenia.com.hr\" target=\"_blank\" rel=\"noopener\">info@morenia.com.hr<\/a><\/p><p>\u00a0<\/p><p><strong>PODACI O TVRTKI<\/strong><\/p><p>Puno ime tvrtke: Uvala Borova Podaca d.o.o.<br \/>OIB: 85355940440<\/p><p>Po\u0161tanska adresa:<br \/>Uvala Borova Podaca d.o.o.<br \/>Lu\u010dica 21<br \/>21335 Podaca<br \/>Hrvatska<\/p><\/div><\/div><\/div><\/div>\t\t\t\t\t\t\t\t<\/div>\n\t\t\t\t<\/div>\n\t\t\t\t\t<\/div>\n\t\t\t\t<\/div>\n\t\t\t\t<\/div>\n\t\t","protected":false},"excerpt":{"rendered":"<p>Prihva\u0107anjem op\u0107ih uvjeta i pravila sla\u017eete se sa slijede\u0107om tvrdnjom: Svi op\u0107i uvjeti i pravila prisutni na ovoj stranici kao i sva ugovorena i neugovorena prava i obveze kao i sporovi koji proizlaze iz bilo koje transakcije sa Uvala Borova Podaca d.o.o. zakonima Republike Hrvatske i pod apsolutnom su nadle\u017eno\u0161\u0107u hrvatskih sudova. Sla\u017eete se da [&hellip;]<\/p>\n","protected":false},"author":1,"featured_media":0,"parent":0,"menu_order":0,"comment_status":"closed","ping_status":"closed","template":"elementor_header_footer","meta":{"inline_featured_image":false,"footnotes":""},"class_list":["post-10938","page","type-page","status-publish","hentry"],"yoast_head":"<!-- This site is optimized with the Yoast SEO plugin v27.2 - https:\/\/yoast.com\/product\/yoast-seo-wordpress\/ -->\n<title>Pravila kori\u0161tenja - Morenia Beach Resort<\/title>\n<meta name=\"description\" content=\"Svi op\u0107i uvjeti i pravila prisutni na ovoj stranici kao i sva ugovorena i neugovorena prava i obveze kao i sporovi koji proizlaze iz bilo koje transakcije...\" \/>\n<meta name=\"robots\" content=\"index, follow, max-snippet:-1, max-image-preview:large, max-video-preview:-1\" \/>\n<link rel=\"canonical\" href=\"https:\/\/morenia.com.hr\/hr\/pravila-koristenja\/\" \/>\n<meta property=\"og:locale\" content=\"hr_HR\" \/>\n<meta property=\"og:type\" content=\"article\" \/>\n<meta property=\"og:title\" content=\"Pravila kori\u0161tenja - Morenia Beach Resort\" \/>\n<meta property=\"og:description\" content=\"Svi op\u0107i uvjeti i pravila prisutni na ovoj stranici kao i sva ugovorena i neugovorena prava i obveze kao i sporovi koji proizlaze iz bilo koje transakcije...\" \/>\n<meta property=\"og:url\" content=\"https:\/\/morenia.com.hr\/hr\/pravila-koristenja\/\" \/>\n<meta property=\"og:site_name\" content=\"Morenia Beach Resort\" \/>\n<meta property=\"article:publisher\" content=\"https:\/\/www.facebook.com\/moreniaallinclusiveresort\/\" \/>\n<meta property=\"article:modified_time\" content=\"2026-03-20T08:36:51+00:00\" \/>\n<meta name=\"twitter:card\" content=\"summary_large_image\" \/>\n<meta name=\"twitter:site\" content=\"@BeachMorenia\" \/>\n<meta name=\"twitter:label1\" content=\"Procijenjeno vrijeme \u010ditanja\" \/>\n\t<meta name=\"twitter:data1\" content=\"3 minute\" \/>\n<script type=\"application\/ld+json\" class=\"yoast-schema-graph\">{\"@context\":\"https:\/\/schema.org\",\"@graph\":[{\"@type\":\"WebPage\",\"@id\":\"https:\/\/morenia.com.hr\/hr\/pravila-koristenja\/\",\"url\":\"https:\/\/morenia.com.hr\/hr\/pravila-koristenja\/\",\"name\":\"Pravila kori\u0161tenja - Morenia Beach Resort\",\"isPartOf\":{\"@id\":\"https:\/\/morenia.com.hr\/#website\"},\"datePublished\":\"2026-02-09T10:12:54+00:00\",\"dateModified\":\"2026-03-20T08:36:51+00:00\",\"description\":\"Svi op\u0107i uvjeti i pravila prisutni na ovoj stranici kao i sva ugovorena i neugovorena prava i obveze kao i sporovi koji proizlaze iz bilo koje transakcije...\",\"breadcrumb\":{\"@id\":\"https:\/\/morenia.com.hr\/hr\/pravila-koristenja\/#breadcrumb\"},\"inLanguage\":\"hr\",\"potentialAction\":[{\"@type\":\"ReadAction\",\"target\":[\"https:\/\/morenia.com.hr\/hr\/pravila-koristenja\/\"]}]},{\"@type\":\"BreadcrumbList\",\"@id\":\"https:\/\/morenia.com.hr\/hr\/pravila-koristenja\/#breadcrumb\",\"itemListElement\":[{\"@type\":\"ListItem\",\"position\":1,\"name\":\"Home\",\"item\":\"https:\/\/morenia.com.hr\/hr\/\"},{\"@type\":\"ListItem\",\"position\":2,\"name\":\"Pravila kori\u0161tenja\"}]},{\"@type\":\"WebSite\",\"@id\":\"https:\/\/morenia.com.hr\/#website\",\"url\":\"https:\/\/morenia.com.hr\/\",\"name\":\"Morenia Beach Resort\",\"description\":\"A lot of everything\",\"potentialAction\":[{\"@type\":\"SearchAction\",\"target\":{\"@type\":\"EntryPoint\",\"urlTemplate\":\"https:\/\/morenia.com.hr\/?s={search_term_string}\"},\"query-input\":{\"@type\":\"PropertyValueSpecification\",\"valueRequired\":true,\"valueName\":\"search_term_string\"}}],\"inLanguage\":\"hr\"}]}<\/script>\n<!-- \/ Yoast SEO plugin. -->","yoast_head_json":{"title":"Pravila kori\u0161tenja - Morenia Beach Resort","description":"Svi op\u0107i uvjeti i pravila prisutni na ovoj stranici kao i sva ugovorena i neugovorena prava i obveze kao i sporovi koji proizlaze iz bilo koje transakcije...","robots":{"index":"index","follow":"follow","max-snippet":"max-snippet:-1","max-image-preview":"max-image-preview:large","max-video-preview":"max-video-preview:-1"},"canonical":"https:\/\/morenia.com.hr\/hr\/pravila-koristenja\/","og_locale":"hr_HR","og_type":"article","og_title":"Pravila kori\u0161tenja - Morenia Beach Resort","og_description":"Svi op\u0107i uvjeti i pravila prisutni na ovoj stranici kao i sva ugovorena i neugovorena prava i obveze kao i sporovi koji proizlaze iz bilo koje transakcije...","og_url":"https:\/\/morenia.com.hr\/hr\/pravila-koristenja\/","og_site_name":"Morenia Beach Resort","article_publisher":"https:\/\/www.facebook.com\/moreniaallinclusiveresort\/","article_modified_time":"2026-03-20T08:36:51+00:00","twitter_card":"summary_large_image","twitter_site":"@BeachMorenia","twitter_misc":{"Procijenjeno vrijeme \u010ditanja":"3 minute"},"schema":{"@context":"https:\/\/schema.org","@graph":[{"@type":"WebPage","@id":"https:\/\/morenia.com.hr\/hr\/pravila-koristenja\/","url":"https:\/\/morenia.com.hr\/hr\/pravila-koristenja\/","name":"Pravila kori\u0161tenja - Morenia Beach Resort","isPartOf":{"@id":"https:\/\/morenia.com.hr\/#website"},"datePublished":"2026-02-09T10:12:54+00:00","dateModified":"2026-03-20T08:36:51+00:00","description":"Svi op\u0107i uvjeti i pravila prisutni na ovoj stranici kao i sva ugovorena i neugovorena prava i obveze kao i sporovi koji proizlaze iz bilo koje transakcije...","breadcrumb":{"@id":"https:\/\/morenia.com.hr\/hr\/pravila-koristenja\/#breadcrumb"},"inLanguage":"hr","potentialAction":[{"@type":"ReadAction","target":["https:\/\/morenia.com.hr\/hr\/pravila-koristenja\/"]}]},{"@type":"BreadcrumbList","@id":"https:\/\/morenia.com.hr\/hr\/pravila-koristenja\/#breadcrumb","itemListElement":[{"@type":"ListItem","position":1,"name":"Home","item":"https:\/\/morenia.com.hr\/hr\/"},{"@type":"ListItem","position":2,"name":"Pravila kori\u0161tenja"}]},{"@type":"WebSite","@id":"https:\/\/morenia.com.hr\/#website","url":"https:\/\/morenia.com.hr\/","name":"Morenia Beach Resort","description":"A lot of everything","potentialAction":[{"@type":"SearchAction","target":{"@type":"EntryPoint","urlTemplate":"https:\/\/morenia.com.hr\/?s={search_term_string}"},"query-input":{"@type":"PropertyValueSpecification","valueRequired":true,"valueName":"search_term_string"}}],"inLanguage":"hr"}]}},"_links":{"self":[{"href":"https:\/\/morenia.com.hr\/hr\/wp-json\/wp\/v2\/pages\/10938","targetHints":{"allow":["GET"]}}],"collection":[{"href":"https:\/\/morenia.com.hr\/hr\/wp-json\/wp\/v2\/pages"}],"about":[{"href":"https:\/\/morenia.com.hr\/hr\/wp-json\/wp\/v2\/types\/page"}],"author":[{"embeddable":true,"href":"https:\/\/morenia.com.hr\/hr\/wp-json\/wp\/v2\/users\/1"}],"replies":[{"embeddable":true,"href":"https:\/\/morenia.com.hr\/hr\/wp-json\/wp\/v2\/comments?post=10938"}],"version-history":[{"count":4,"href":"https:\/\/morenia.com.hr\/hr\/wp-json\/wp\/v2\/pages\/10938\/revisions"}],"predecessor-version":[{"id":10943,"href":"https:\/\/morenia.com.hr\/hr\/wp-json\/wp\/v2\/pages\/10938\/revisions\/10943"}],"wp:attachment":[{"href":"https:\/\/morenia.com.hr\/hr\/wp-json\/wp\/v2\/media?parent=10938"}],"curies":[{"name":"wp","href":"https:\/\/api.w.org\/{rel}","templated":true}]}}