{"id":10944,"date":"2026-02-09T10:12:42","date_gmt":"2026-02-09T10:12:42","guid":{"rendered":"https:\/\/morenia.com.hr\/personal-data-protection-policy\/"},"modified":"2026-03-20T08:31:29","modified_gmt":"2026-03-20T08:31:29","slug":"politika-zastite-osobnih-podataka","status":"publish","type":"page","link":"https:\/\/morenia.com.hr\/hr\/politika-zastite-osobnih-podataka\/","title":{"rendered":"Politika za\u0161tite osobnih podataka"},"content":{"rendered":"\t\t<div data-elementor-type=\"wp-page\" data-elementor-id=\"10944\" class=\"elementor elementor-10944 elementor-9259\" data-elementor-post-type=\"page\">\n\t\t\t\t<div class=\"elementor-element elementor-element-bc6a555 e-con-full page_hero e-flex e-con e-parent\" data-id=\"bc6a555\" data-element_type=\"container\" data-e-type=\"container\" data-settings=\"{&quot;background_background&quot;:&quot;classic&quot;}\">\n\t\t\t\t<div class=\"elementor-element elementor-element-1169bf4 elementor-widget elementor-widget-heading\" data-id=\"1169bf4\" data-element_type=\"widget\" data-e-type=\"widget\" data-widget_type=\"heading.default\">\n\t\t\t\t\t<h1 class=\"elementor-heading-title elementor-size-default\">Politika za\u0161tite osobnih podataka<\/h1>\t\t\t\t<\/div>\n\t\t\t\t<\/div>\n\t\t<div class=\"elementor-element elementor-element-e9e012a e-flex e-con-boxed e-con e-parent\" data-id=\"e9e012a\" data-element_type=\"container\" data-e-type=\"container\">\n\t\t\t\t\t<div class=\"e-con-inner\">\n\t\t<div class=\"elementor-element elementor-element-ef273ce e-con-full e-flex e-con e-child\" data-id=\"ef273ce\" data-element_type=\"container\" data-e-type=\"container\">\n\t\t\t\t<div class=\"elementor-element elementor-element-51356f2 elementor-widget elementor-widget-text-editor\" data-id=\"51356f2\" data-element_type=\"widget\" data-e-type=\"widget\" data-widget_type=\"text-editor.default\">\n\t\t\t\t\t\t\t\t\t<div class=\"wpb_text_column wpb_content_element\"><div class=\"wpb_wrapper\"><p><strong><span lang=\"en-US\">POLITIKA ZA\u0160TITE OSOBNIH PODATAKA<\/span><\/strong><\/p><p><span lang=\"en-US\">A\u017eurirano 23.06.2022.<\/span><\/p><p>\u00a0<\/p><p>Mi u Uvala Borova Podaca d.o.o., po\u0161tujemo Va\u0161u privatnost i \u0161titimo Va\u0161e osobne podatke u skladu s va\u017ee\u0107im zakonima i uredbama za za\u0161titu osobnih podataka. Uvijek odgovorno koristimo podatke na\u0161ih gostiju.<\/p><p>Ovim dokumentom \u017eelimo Vam pojasniti kako skupljamo i za \u0161to koristimo osobne podatke za vrijeme kori\u0161tenja na\u0161ih internet stranica te za vrijeme Va\u0161eg boravka u na\u0161im objektima, s kime ih i za\u0161to dijelimo, na koji na\u010din ih \u0161titimo, te Va\u0161a prava u vezi Va\u0161ih osobnih podataka koje koristimo.<\/p><p>Opisana Politika za\u0161tite osobnih podataka primjenjuje se na sve poslovne objekte Uvala Borova Podaca d.o.o., web stranicu <u><a href=\"http:\/\/www.morenia.com.hr\/\">www.morenia.com.hr<\/a><\/u> te profile na dru\u0161tvenim mre\u017eama.<\/p><p>\u00a0<\/p><p><strong>SVRHA PRIKUPLJANJA OSOBNIH PODATAKA<\/strong><\/p><p>Osnovna svrha prikupljanja osobnih podataka na\u0161ih gostiju je pru\u017eanje i pobolj\u0161anje na\u0161ih usluga te izvr\u0161avanje na\u0161ih zakonskih obaveza. Osobni podaci prikupljaju se u sljede\u0107e svrhe:<\/p><p>\u00b7 Pobolj\u0161anje funkcionalnosti na\u0161e web stranice www.morenia.com.hr.<\/p><p>\u00b7 Rezerviranje smje\u0161taja ili komunikacije s klijentima radi odgovora na njihove interese o na\u0161im uslugama (putem na\u0161ih internet stranica, maila ili telefonom)<\/p><p>\u00b7 Izvr\u0161enje ugovornog odnosa s gostom za vrijeme trajanja njegovog boravka<\/p><p>\u00b7 Kupnja dodatnih usluga<\/p><p>\u00b7 Naplata usluga<\/p><p>\u00b7 Interna statisti\u010dka obrada podataka i preferiranih usluga na\u0161ih gostiju, te obavje\u0161tavanje na\u0161ih gostiju o na\u0161im uslugama, koju temeljimo na na\u0161em legitimnom interesu s ciljem pobolj\u0161anja kvalitete i prodaje na\u0161ih usluga<\/p><p>\u00b7 Objava i skupljanje prijava za posao putem maila i na web stranici www.morenia.com.hr<\/p><p>\u00b7 Ispunjavanje na\u0161ih zakonskim obaveza prema va\u017ee\u0107em Zakonu o ugostiteljskoj djelatnosti i prate\u0107im pravilnicima, Zakon o pru\u017eanju usluga u turizmu, Zakonu o ra\u010dunovodstvu, Zakonu o za\u0161titi na radu te Zakonu o za\u0161titi nov\u010darskih institucija<\/p><p>Va\u0161i osobni podaci, zaprimljeni na e-mail adresu posao@morenia.com.hr putem objavljenih oglasa za posao ili online prijave za posao na www.morenia.com.hr, koristit \u0107e se isklju\u010divo za potrebe zapo\u0161ljavanja Uvala Borova Podaca d.o.o. Slanjem Va\u0161e prijave i \u017eivotopisa dajete nam Va\u0161u suglasnost da osobne podatke zaprimljene za potrebe zapo\u0161ljavanja obra\u0111ujemo za potrebe trenutno otvorenih pozicija ali i za na\u0161e budu\u0107e potrebe za zapo\u0161ljavanjem. Va\u0161u suglasnost u bilo kojem trenutku mo\u017eete povu\u0107i kontaktiraju\u0107i nas na info@morenia.com.hr, nakon \u010dega \u0107emo Va\u0161e podatke obrisati ili u\u010diniti nedostupnima za ovu obradu.<\/p><p>\u00a0<\/p><p><strong>INFORMACIJE KOJE PRIKUPLJAMO<\/strong><\/p><p>Tijekom Va\u0161e posjete na\u0161im web stranicama, prijave za posao ili prilikom Va\u0161e rezervacije smje\u0161taja i boravka u na\u0161im objektima, u gore navedene svrhe mo\u0107i \u0107emo prikupiti podatke koje Vas mogu identificirati, direktno ili indirektno. Osobni podaci koje prikupljamo uklju\u010duju:<\/p><p>\u00b7 Va\u0161e ime i prezime<\/p><p>\u00b7 Va\u0161 datum ro\u0111enja, adresu i nacionalnost<\/p><p>\u00b7 Va\u0161e kontakt podatke<\/p><p>\u00b7 Broj va\u0161e kreditne kartice<\/p><p>\u00b7 Broj i vrstu va\u0161eg osobnog dokumenta<\/p><p>\u00b7 Registracijsku oznaku Va\u0161eg vozila<\/p><p>\u00b7 Napomene koje sta nam naveli (npr. alergije na koje trebamo obra\u0107ati pa\u017enju tijekom Va\u0161eg boravka)<\/p><p>\u00b7 Glasovni zapis Va\u0161eg razgovora s recepcijom ili odjelom prodaje<\/p><p>\u00b7 Video zapis iz sustava video nadzora na objektima<\/p><p>\u00b7 Va\u0161u IP adresu tijekom posjete na\u0161im web stranicama<\/p><p>\u00a0<\/p><p><strong>\u010cUVANJE I BRISANJE VA\u0160IH OSOBNIH PODATAKA<\/strong><\/p><p>Va\u0161i osobni podaci \u010duvati \u0107e se u obliku koji Vas mo\u017ee identificirati ne du\u017ee nego \u0161to je potrebno za svrhu za koju se obra\u0111uju. Po isteku tog vremena, koji je reguliran zakonima, podaci \u0107e se izbrisati ili u\u010diniti nedostupnima za daljnju obradu.<\/p><p>\u00a0<\/p><p><strong>PRIJENOS PODATAKA TRE\u0106IM STRANAMA<\/strong><\/p><p>U odre\u0111enim obradama podataka, podaci koje nam dajete mogu biti prenijeti ili dani na uvid tre\u0107im stranama. Ni u kojem slu\u010daju Va\u0161e podatke ne prodajemo, iznajmljujemo ili predajemo u vlasni\u0161tvo neovla\u0161tenim tre\u0107im stranama. Prijenos podataka ili uvid u podatke, obavlja se iz sljede\u0107ih razloga:<\/p><p>\u00b7 Kada smo zaprimili Va\u0161u privolu za takav prijenos (npr. kupnja usluga u organizaciji tre\u0107ih strana)<\/p><p>\u00b7 Kada tvrtke ili pru\u017eatelji usluga koje Morenia Beach Resort koriste pristupaju podacima na na\u010din koji je reguliran ugovornim odnosom s Uvala Borova Podaca d.o.o. (npr. naplata usluga, tehni\u010dko odr\u017eavanje odre\u0111enih programskih alata)<\/p><p>\u00b7 Da bismo ispunili na\u0161e ugovorne i zakonske obaveze (npr. prijava gostiju u e-vizitor sustav)<\/p><p>U slu\u010daju potrebe prijenosa podataka, zbog jednog od gore navedenih razloga, nastojimo ograni\u010diti podatke na minimum. Tre\u0107e strane kojima prenosimo Va\u0161e podatke obvezale su se \u0161tititi iste podatke u skladu s va\u017ee\u0107im zakonima i uredbama o za\u0161titi osobnih podataka.<\/p><p>\u00a0<\/p><p><strong>PRAVO NA PRISTUP, ISPRAVAK ILI BRISANJE VA\u0160IH OSOBNIH PODATAKA<\/strong><\/p><p>U bilo kojem trenutku mo\u017eete zatra\u017eiti informacije o svojim osobnim podacima koje Uvala Borova Podaca d.o.o. obra\u0111uje. Osim toga, imate pravo a\u017eurirati, ispravljati, blokirati ili brisati svoje podatke u skladu sa zakonskim odredbama. Va\u0161 zahtjev za brisanjem Va\u0161ih osobnih podataka rado \u0107emo ispuniti u sljede\u0107im slu\u010dajevima:<\/p><p>\u00b7 ako va\u0161i osobni podaci vi\u0161e nisu nu\u017eni u svrhe za koje su prikupljeni ili obra\u0111eni;<\/p><p>\u00b7 ako povu\u010dete privolu na kojoj se obrada temelji;<\/p><p>\u00b7 ako ne postoje legitimni razlozi za obradu, ili ulo\u017eite prigovor na obradu u kojoj se podaci obra\u0111uju za potrebe izravnog marketinga.<\/p><p>Zahtjev za pristup osobnim podacima mo\u017eete nam poslati na adresu elektroni\u010dke po\u0161te info@morenia.com.hr ili na na\u0161u adresu Morenia Beach Resort, Lu\u010dica 21, 21335 Podaca, Hrvatska s obaveznim Va\u0161im kontakt podacima i napomenom \u201eZahtjev za pristup osobnim podacima\u201c. Pristup osobnim podacima ne mo\u017eemo omogu\u0107iti putem telefonskog razgovora. Da bismo sprije\u010dili zlouporabu Va\u0161ih osobnih podataka, poslati \u0107emo Vam formular, koji morate osobno ispuniti i vratiti natrag, te \u0107emo Vas tra\u017eiti dokaz Va\u0161eg identiteta. Bez utvr\u0111ivanja ispravnosti identiteta, zahtjev za pristup osobnih podacima ne\u0107emo biti u mogu\u0107nosti ispuniti.<\/p><p>\u00a0<\/p><p><strong>OBAVIJESTI O USLUGAMA I PONUDI MORENIA BEACH RESORTA<\/strong><\/p><p>\u017delja nam je da se svaki gost ponovo vrati. Kako bi Vam omogu\u0107ili da primite obavijesti o specijalnim akcijama i popustima koje se odnose na na\u0161e usluge, zadr\u017eavamo na\u0161 legitimni interes da Vas kontaktiramo na Va\u0161u e-mail adresu koju ste nam dali kod rezervacije ili tijekom boravka u resortu. Informacije koje \u0107ete primati odnosit \u0107e se isklju\u010divo na usluge iz ponude Morenia Beach Resorta, za koje smatramo da, kao na\u0161 nekada\u0161nji gost, imate i dalje interesa. Ukoliko ne \u017eelite primati na\u0161e obavijesti, mo\u017eete u bilo kojem trenutku ulo\u017eiti prigovor na adresu info@morenia.com.hr, te \u0107emo Vam bez odlaganja prestati slati obavijesti.<\/p><p>\u00a0<\/p><p><strong>KORI\u0160TENJE DRU\u0160TVENIH MRE\u017dA I INTERNET STRANICA<\/strong><\/p><p>Politika za\u0161tite osobnih podataka redovito je a\u017eurirana na na\u0161im web stranicama te je dostupna svim posjetiteljima weba. Kori\u0161tenjem na\u0161ih web stranica, ispunjavanjem on-line molbe za posao ili objavom vlastitih sadr\u017eaja na na\u0161im dru\u0161tvenim mre\u017eama, potvr\u0111ujete da ste suglasni s na\u0161om Politikom za\u0161tite osobnih podataka i da ste suglasni da Va\u0161e osobne podatke obra\u0111ujemo u skladu s svrhom obrade i objavljenom Politikom za\u0161tite osobnih podataka.<\/p><p>Uvala Borova Podaca d.o.o. vodi i ure\u0111uje i profile na dru\u0161tvenim mre\u017eama, kao \u0161to su Facebook, Instagram, Twitter ili YouTube. Posjetitelji na\u0161ih profila na dru\u0161tvenim mre\u017eama mogu objavljivati sadr\u017eaje, fotografije ili komentare vezane za na\u0161e objekte, usluge ili boravak kod nas. Morenia Beach Resort ne poti\u010de, ali niti ne sputava takve objave, ve\u0107 se one temelje isklju\u010divo na interesu i privoli posjetitelja na\u0161ih profila. Uvala Borova Podaca d.o.o. ne odgovara za eventualnu izravnu ili neizravnu, slu\u010dajnu, materijalnu ili nematerijalnu \u0161tetu ili tro\u0161ak koji su nastali kao rezultat kori\u0161tenja web stranica i profila na dru\u0161tvenim mre\u017eama Morenia Beach Resorta ili objava sadr\u017eaja od strane posjetitelja na na\u0161oj stranici ili profilima.<\/p><p>Mo\u017eemo Vas za javno objavljene sadr\u017eaje, koji se odnose na Va\u0161 boravak kod nas, tra\u017eiti Va\u0161u privolu za objavu na na\u0161im web stranicama ili profilima dru\u0161tvenih mre\u017ea. Sadr\u017eaji koje mo\u017eemo objavljivati odnose se isklju\u010divo na javno dostupne slike i komentare objavljenje na Facebooku, Instagramu, Twitteru ili YouTube kanalu. Va\u0161im pristankom na takve objave prihva\u0107ate prava i kori\u0161tenja uporabe Va\u0161ih sadr\u017eaja.<\/p><p>\u00a0<\/p><p><strong>KORI\u0160TENJE KOLA\u010cI\u0106A<\/strong><\/p><p>Kako bi na\u0161e web stranice radile optimalno i kako bismo bili u stanju vr\u0161iti daljnja unaprje\u0111enja stranica u svrhu pobolj\u0161avanja Va\u0161eg korisni\u010dkog iskustva, koristimo kola\u010di\u0107e. Postavke kola\u010di\u0107a mogu se kontrolirati i prilagoditi u Va\u0161em web pregledniku, te se kori\u0161tenje kola\u010di\u0107a mo\u017ee onemogu\u0107iti prema Va\u0161em odabiru. Ako onemogu\u0107ite kola\u010di\u0107e i dalje mo\u017eete pregledavati na\u0161u stranicu, no neke njezine mogu\u0107nosti Vam ne\u0107e biti dostupne.<\/p><p>Kola\u010di\u0107 (engl. cookie) je informacija spremljena na Va\u0161e ra\u010dunalo od strane web stranice koju posjetite. Kola\u010di\u0107i obi\u010dno spremaju Va\u0161e postavke za web stranicu, kao \u0161to su preferirani jezik ili adresa. Kasnije, kada opet otvorite istu web stranicu, internet preglednik \u0161alje natrag kola\u010di\u0107e koji pripadaju toj stranici. Ovo omogu\u0107ava stranici da prika\u017ee informacije prilago\u0111ene Va\u0161im potrebama.<\/p><p>Postoje vi\u0161e vrsta kola\u010di\u0107a:<\/p><p>\u00b7 Kola\u010di\u0107i prve strane<\/p><p>\u00b7 Privremeni kola\u010di\u0107i (Session cookies)<\/p><p>\u00b7 Stalni kola\u010di\u0107i (Persistent cookies)<\/p><p>\u00b7 Kola\u010di\u0107i tre\u0107e strane<\/p><p>Kola\u010di\u0107i prve strane dolaze s web stranice koje gledate, a mogu biti stalni ili privremeni. Pomo\u0107u tih kola\u010di\u0107a web stranice mogu pohraniti podatke koje \u0107e ponovo koristiti prilikom sljede\u0107eg posjeta toj web stranici (npr. odabir jezika). Privremeni kola\u010di\u0107i ili kola\u010di\u0107i sesije uklanjaju se s ra\u010dunala po zatvaranju internet preglednika. Stalni ili spremljeni kola\u010di\u0107i ostaju na ra\u010dunalu nakon zatvaranja internet preglednika. Pomo\u0107u njih web stranice pohranjuju podatke, kao \u0161to su ime za prijavu i lozinka, tako da se ne morate prijavljivati prilikom svakog posjeta. Stalni kola\u010di\u0107i ostat \u0107e na ra\u010dunalu dok ih Vi kao korisnik ne onemogu\u0107ite\/obri\u0161ete ili dok ih Va\u0161 preglednik ne obri\u0161e (period definiran u postavkama preglednika).<\/p><p>Kola\u010di\u0107i tre\u0107e strane dolaze s drugih web-mjesta (kao \u0161to su pop-up ili druge reklame) koje se nalaze na web stranici koju gledate. Pomo\u0107u tih kola\u010di\u0107a web stranice mogu pratiti kori\u0161tenje Interneta u marketin\u0161ke svrhe.<\/p><p>Uvala Borova Podaca d.o.o. koristi kola\u010di\u0107e na svojoj web stranici <u><a href=\"http:\/\/www.morenia.com.hr\/\">www.morenia.com.hr<\/a><\/u> Koristimo kola\u010di\u0107e prve strane (privremene i trajne) i kola\u010di\u0107e tre\u0107e strane.<\/p><p>Kola\u010di\u0107e koristimo da bismo optimizirali stranicu u smislu performansi sustava, lako\u0107e kori\u0161tenja i ponude korisnih informacija o na\u0161im uslugama. Kola\u010di\u0107ima automatski prikupljamo i pohranjujemo podatke u zapisni\u010dkim datotekama na Va\u0161em ra\u010dunalu. Podaci koji se prikupljaju obuhva\u0107aju podatke o Va\u0161oj IP adresi, vrsti preglednika i postavkama jezika, operacijskom sustavu, naziv ISP-a (pru\u017eatelju usluge interneta) i oznaku datuma\/vremena.<\/p><p>Individualni podaci korisnika nama se ne otkrivaju, nego su podaci koje obra\u0111ujemo anonimni i statisti\u010dki podaci, te demografski podaci o na\u0161im korisnicima kao cjelini. Te podatke koristimo za analize trendova i potrebe marketinga, te u\u010dinkovito upravljanje web stranicama, jer nam poma\u017eu da saznamo vi\u0161e o pona\u0161anju na\u0161ih korisnika na na\u0161im stranicama, uspje\u0161nosti nekih na\u0161ih marketin\u0161kih akcija i primarnim interesima na\u0161ih web-posjetitelja.<\/p><p>\u00a0<\/p><p><strong>ZA\u0160TITA OSOBNIH PODATAKA DJECE<\/strong><\/p><p>Uvala Borova Podaca d.o.o. savjetuje roditeljima i skrbnicima da podu\u010de djecu o sigurnom i odgovornom postupanju s osobnim podacima na internetu, jer iako u Morenia Beach Resortu ne \u017eelimo niti imamo namjeru prikupljati podatke o maloljetnicima bez roditeljskog ili skrbni\u010dkog pristanka, ne mo\u017eemo uvijek znati dob osobe koja pristupa na\u0161im web stranicama. Kao roditelj ili staratelj uvijek imate pravo zatra\u017eiti uvid u sve osobne podatke o svojem djetetu koje smo dobili na nekoj od na\u0161ih web stranica ili tijekom Va\u0161eg boravka. Tako\u0111er, Uvala Borova Podaca d.o.o. jam\u010de za\u0161titu osobnih podataka djece predvi\u0111enu posebnim zakonima koji ure\u0111uju to pitanje.<\/p><p>\u00a0<\/p><p><strong>SIGURNOSNE MJERE ZA\u0160TITE OSOBNIH PODATAKA<\/strong><\/p><p>Uvala Borova Podaca d.o.o. prepoznaju va\u017enost informacijske sigurnosti, te kontinuirano evaluiramo i nadogra\u0111ujemo na\u0161e tehni\u010dke, fizi\u010dke i organizacijske sigurnosne mjere i procedure. Korisnicima rezervacijskog sustava osiguravamo najvi\u0161i nivo za\u0161tite podataka. Za sigurni prijenos podataka izme\u0111u Va\u0161eg PC-a i na\u0161ih servera koristimo SSL tehnologiju sa sna\u017enom enkripcijom. Svi osobni podaci, brojevi osobnih dokumenata, kreditnih kartica ili drugih sredstava pla\u0107anja koje korisnici dostave preko rezervacijskog sustava, prenose se isklju\u010divo sigurnom vezom koriste\u0107i enkripciju podataka. Va\u0161im podacima koji se obra\u0111uju u na\u0161im sustavima pristupaju samo ovla\u0161teni djelatnici u skladu s potrebama poslovnih procesa koji zahtijevaju pojedinu obradu te u pojedinim slu\u010dajevima, tre\u0107e strane, koje su se obvezale \u0161tititi Va\u0161e podatke u skladu s va\u017ee\u0107im zakonima i uredbama o za\u0161titi osobnih podataka. Svi na\u0161i djelatnici educirani su o na\u010dinu postupanja s osobnim podacima u skladu sa zakonskim odredbama.<\/p><\/div><\/div>\t\t\t\t\t\t\t\t<\/div>\n\t\t\t\t<\/div>\n\t\t\t\t\t<\/div>\n\t\t\t\t<\/div>\n\t\t\t\t<\/div>\n\t\t","protected":false},"excerpt":{"rendered":"<p>POLITIKA ZA\u0160TITE OSOBNIH PODATAKA A\u017eurirano 23.06.2022. \u00a0 Mi u Uvala Borova Podaca d.o.o., po\u0161tujemo Va\u0161u privatnost i \u0161titimo Va\u0161e osobne podatke u skladu s va\u017ee\u0107im zakonima i uredbama za za\u0161titu osobnih podataka. Uvijek odgovorno koristimo podatke na\u0161ih gostiju. Ovim dokumentom \u017eelimo Vam pojasniti kako skupljamo i za \u0161to koristimo osobne podatke za vrijeme kori\u0161tenja na\u0161ih [&hellip;]<\/p>\n","protected":false},"author":1,"featured_media":0,"parent":0,"menu_order":0,"comment_status":"closed","ping_status":"closed","template":"elementor_header_footer","meta":{"inline_featured_image":false,"footnotes":""},"class_list":["post-10944","page","type-page","status-publish","hentry"],"yoast_head":"<!-- This site is optimized with the Yoast SEO plugin v27.2 - https:\/\/yoast.com\/product\/yoast-seo-wordpress\/ -->\n<title>Politika za\u0161tite osobnih podataka - Morenia Beach Resort<\/title>\n<meta name=\"description\" content=\"Mi u Uvala Borova Podaca d.o.o., po\u0161tujemo Va\u0161u privatnost i \u0161titimo Va\u0161e osobne podatke u skladu s va\u017ee\u0107im zakonima i uredbama za za\u0161titu osobnih podataka.\" \/>\n<meta name=\"robots\" content=\"index, follow, max-snippet:-1, max-image-preview:large, max-video-preview:-1\" \/>\n<link rel=\"canonical\" href=\"https:\/\/morenia.com.hr\/hr\/politika-zastite-osobnih-podataka\/\" \/>\n<meta property=\"og:locale\" content=\"hr_HR\" \/>\n<meta property=\"og:type\" content=\"article\" \/>\n<meta property=\"og:title\" content=\"Politika za\u0161tite osobnih podataka - Morenia Beach Resort\" \/>\n<meta property=\"og:description\" content=\"Mi u Uvala Borova Podaca d.o.o., po\u0161tujemo Va\u0161u privatnost i \u0161titimo Va\u0161e osobne podatke u skladu s va\u017ee\u0107im zakonima i uredbama za za\u0161titu osobnih podataka.\" \/>\n<meta property=\"og:url\" content=\"https:\/\/morenia.com.hr\/hr\/politika-zastite-osobnih-podataka\/\" \/>\n<meta property=\"og:site_name\" content=\"Morenia Beach Resort\" \/>\n<meta property=\"article:publisher\" content=\"https:\/\/www.facebook.com\/moreniaallinclusiveresort\/\" \/>\n<meta property=\"article:modified_time\" content=\"2026-03-20T08:31:29+00:00\" \/>\n<meta name=\"twitter:card\" content=\"summary_large_image\" \/>\n<meta name=\"twitter:site\" content=\"@BeachMorenia\" \/>\n<meta name=\"twitter:label1\" content=\"Procijenjeno vrijeme \u010ditanja\" \/>\n\t<meta name=\"twitter:data1\" content=\"9 minuta\" \/>\n<script type=\"application\/ld+json\" class=\"yoast-schema-graph\">{\"@context\":\"https:\/\/schema.org\",\"@graph\":[{\"@type\":\"WebPage\",\"@id\":\"https:\/\/morenia.com.hr\/hr\/politika-zastite-osobnih-podataka\/\",\"url\":\"https:\/\/morenia.com.hr\/hr\/politika-zastite-osobnih-podataka\/\",\"name\":\"Politika za\u0161tite osobnih podataka - Morenia Beach Resort\",\"isPartOf\":{\"@id\":\"https:\/\/morenia.com.hr\/#website\"},\"datePublished\":\"2026-02-09T10:12:42+00:00\",\"dateModified\":\"2026-03-20T08:31:29+00:00\",\"description\":\"Mi u Uvala Borova Podaca d.o.o., po\u0161tujemo Va\u0161u privatnost i \u0161titimo Va\u0161e osobne podatke u skladu s va\u017ee\u0107im zakonima i uredbama za za\u0161titu osobnih podataka.\",\"breadcrumb\":{\"@id\":\"https:\/\/morenia.com.hr\/hr\/politika-zastite-osobnih-podataka\/#breadcrumb\"},\"inLanguage\":\"hr\",\"potentialAction\":[{\"@type\":\"ReadAction\",\"target\":[\"https:\/\/morenia.com.hr\/hr\/politika-zastite-osobnih-podataka\/\"]}]},{\"@type\":\"BreadcrumbList\",\"@id\":\"https:\/\/morenia.com.hr\/hr\/politika-zastite-osobnih-podataka\/#breadcrumb\",\"itemListElement\":[{\"@type\":\"ListItem\",\"position\":1,\"name\":\"Home\",\"item\":\"https:\/\/morenia.com.hr\/hr\/\"},{\"@type\":\"ListItem\",\"position\":2,\"name\":\"Politika za\u0161tite osobnih podataka\"}]},{\"@type\":\"WebSite\",\"@id\":\"https:\/\/morenia.com.hr\/#website\",\"url\":\"https:\/\/morenia.com.hr\/\",\"name\":\"Morenia Beach Resort\",\"description\":\"A lot of everything\",\"potentialAction\":[{\"@type\":\"SearchAction\",\"target\":{\"@type\":\"EntryPoint\",\"urlTemplate\":\"https:\/\/morenia.com.hr\/?s={search_term_string}\"},\"query-input\":{\"@type\":\"PropertyValueSpecification\",\"valueRequired\":true,\"valueName\":\"search_term_string\"}}],\"inLanguage\":\"hr\"}]}<\/script>\n<!-- \/ Yoast SEO plugin. -->","yoast_head_json":{"title":"Politika za\u0161tite osobnih podataka - Morenia Beach Resort","description":"Mi u Uvala Borova Podaca d.o.o., po\u0161tujemo Va\u0161u privatnost i \u0161titimo Va\u0161e osobne podatke u skladu s va\u017ee\u0107im zakonima i uredbama za za\u0161titu osobnih podataka.","robots":{"index":"index","follow":"follow","max-snippet":"max-snippet:-1","max-image-preview":"max-image-preview:large","max-video-preview":"max-video-preview:-1"},"canonical":"https:\/\/morenia.com.hr\/hr\/politika-zastite-osobnih-podataka\/","og_locale":"hr_HR","og_type":"article","og_title":"Politika za\u0161tite osobnih podataka - Morenia Beach Resort","og_description":"Mi u Uvala Borova Podaca d.o.o., po\u0161tujemo Va\u0161u privatnost i \u0161titimo Va\u0161e osobne podatke u skladu s va\u017ee\u0107im zakonima i uredbama za za\u0161titu osobnih podataka.","og_url":"https:\/\/morenia.com.hr\/hr\/politika-zastite-osobnih-podataka\/","og_site_name":"Morenia Beach Resort","article_publisher":"https:\/\/www.facebook.com\/moreniaallinclusiveresort\/","article_modified_time":"2026-03-20T08:31:29+00:00","twitter_card":"summary_large_image","twitter_site":"@BeachMorenia","twitter_misc":{"Procijenjeno vrijeme \u010ditanja":"9 minuta"},"schema":{"@context":"https:\/\/schema.org","@graph":[{"@type":"WebPage","@id":"https:\/\/morenia.com.hr\/hr\/politika-zastite-osobnih-podataka\/","url":"https:\/\/morenia.com.hr\/hr\/politika-zastite-osobnih-podataka\/","name":"Politika za\u0161tite osobnih podataka - Morenia Beach Resort","isPartOf":{"@id":"https:\/\/morenia.com.hr\/#website"},"datePublished":"2026-02-09T10:12:42+00:00","dateModified":"2026-03-20T08:31:29+00:00","description":"Mi u Uvala Borova Podaca d.o.o., po\u0161tujemo Va\u0161u privatnost i \u0161titimo Va\u0161e osobne podatke u skladu s va\u017ee\u0107im zakonima i uredbama za za\u0161titu osobnih podataka.","breadcrumb":{"@id":"https:\/\/morenia.com.hr\/hr\/politika-zastite-osobnih-podataka\/#breadcrumb"},"inLanguage":"hr","potentialAction":[{"@type":"ReadAction","target":["https:\/\/morenia.com.hr\/hr\/politika-zastite-osobnih-podataka\/"]}]},{"@type":"BreadcrumbList","@id":"https:\/\/morenia.com.hr\/hr\/politika-zastite-osobnih-podataka\/#breadcrumb","itemListElement":[{"@type":"ListItem","position":1,"name":"Home","item":"https:\/\/morenia.com.hr\/hr\/"},{"@type":"ListItem","position":2,"name":"Politika za\u0161tite osobnih podataka"}]},{"@type":"WebSite","@id":"https:\/\/morenia.com.hr\/#website","url":"https:\/\/morenia.com.hr\/","name":"Morenia Beach Resort","description":"A lot of everything","potentialAction":[{"@type":"SearchAction","target":{"@type":"EntryPoint","urlTemplate":"https:\/\/morenia.com.hr\/?s={search_term_string}"},"query-input":{"@type":"PropertyValueSpecification","valueRequired":true,"valueName":"search_term_string"}}],"inLanguage":"hr"}]}},"_links":{"self":[{"href":"https:\/\/morenia.com.hr\/hr\/wp-json\/wp\/v2\/pages\/10944","targetHints":{"allow":["GET"]}}],"collection":[{"href":"https:\/\/morenia.com.hr\/hr\/wp-json\/wp\/v2\/pages"}],"about":[{"href":"https:\/\/morenia.com.hr\/hr\/wp-json\/wp\/v2\/types\/page"}],"author":[{"embeddable":true,"href":"https:\/\/morenia.com.hr\/hr\/wp-json\/wp\/v2\/users\/1"}],"replies":[{"embeddable":true,"href":"https:\/\/morenia.com.hr\/hr\/wp-json\/wp\/v2\/comments?post=10944"}],"version-history":[{"count":4,"href":"https:\/\/morenia.com.hr\/hr\/wp-json\/wp\/v2\/pages\/10944\/revisions"}],"predecessor-version":[{"id":10948,"href":"https:\/\/morenia.com.hr\/hr\/wp-json\/wp\/v2\/pages\/10944\/revisions\/10948"}],"wp:attachment":[{"href":"https:\/\/morenia.com.hr\/hr\/wp-json\/wp\/v2\/media?parent=10944"}],"curies":[{"name":"wp","href":"https:\/\/api.w.org\/{rel}","templated":true}]}}